{"id":13277,"date":"2025-03-13T12:35:13","date_gmt":"2025-03-13T12:35:13","guid":{"rendered":"https:\/\/zakkencentrale.nl\/?page_id=13277"},"modified":"2025-03-19T09:59:50","modified_gmt":"2025-03-19T09:59:50","slug":"ein-angebot-anfordern","status":"publish","type":"page","link":"https:\/\/zakkencentrale.nl\/de\/ein-angebot-anfordern\/","title":{"rendered":"Ein Angebot anfordern"},"content":{"rendered":"<div data-elementor-type=\"wp-page\" data-elementor-id=\"13277\" class=\"elementor elementor-13277\">\n\t\t\t\t\t\t\t        <section class=\"elementor-section elementor-top-section elementor-element elementor-element-84d18bc elementor-section-content-top elementor-section-boxed elementor-section-height-default elementor-section-height-default cms-full-content-with-space-none cms-boxed-bg-false\" data-id=\"84d18bc\" data-element_type=\"section\">\n            \n            <div class=\"cms-section-boxed-bg\"><\/div>            <div class=\"elementor-container elementor-column-gap-default\">\n                    <div class=\"elementor-column elementor-col-41 elementor-top-column elementor-element elementor-element-7f4580b cms-cloumn-sticky\" data-id=\"7f4580b\" data-element_type=\"column\">\n            <div class=\"elementor-widget-wrap elementor-element-populated\">\n                        \t\t<div class=\"elementor-element elementor-element-f3872f0 cms-heading-layout-5 elementor-invisible elementor-widget elementor-widget-cms_heading\" data-id=\"f3872f0\" data-element_type=\"widget\" data-settings=\"{&quot;_animation&quot;:&quot;fadeInLeft&quot;}\" data-widget_type=\"cms_heading.default\">\n\t\t\t\t<div class=\"elementor-widget-container\">\n\t\t\t\r\n<div class=\"cms-heading-wrapper\">\r\n            <div class=\"cms-mainheading text-16 lh-24 font-700 text-accent\">Verpackungen f\u00fcr Ihre nachhaltige Welt?\n<\/div>\r\n                <div class=\"cms-heading cms-subheading text-34 lh-48 pt-10\">Wir beraten Sie gerne und helfen Ihnen auf Ihrem Weg.<\/div>\r\n            <div class=\"cms-heading-desc text-16 lh-27 pt-20\"><p>Um Ihnen bei der L\u00f6sung Ihrer Probleme im Zusammenhang mit dem Verpacken, Umpacken, Lagern und Transportieren Ihrer Produkte zu helfen, w\u00fcrden wir uns gerne mit Ihnen in Verbindung setzen.<\/p>\n<p>Hinterlassen Sie Ihre Daten und wir werden uns so schnell wie m\u00f6glich mit einem Angebot bei Ihnen melden.<\/p>\n<\/div>\r\n        <div class=\"cms-heading-btns row gutters-30 gutters-grid empty-none pt-40 align-items-center justify-content-\">    <\/div>\r\n<\/div>\t\t<\/div>\n\t\t\t\t<\/div>\n\t\t            <\/div>\n        <\/div>\n                <div class=\"elementor-column elementor-col-58 elementor-top-column elementor-element elementor-element-2a460fa pl-xl-60\" data-id=\"2a460fa\" data-element_type=\"column\">\n            <div class=\"elementor-widget-wrap elementor-element-populated\">\n                        \t\t<div class=\"elementor-element elementor-element-3a28f51 cms-cf7-layout-1 elementor-invisible elementor-widget elementor-widget-cms_ctf7\" data-id=\"3a28f51\" data-element_type=\"widget\" data-settings=\"{&quot;_animation&quot;:&quot;fadeInRight&quot;}\" data-widget_type=\"cms_ctf7.default\">\n\t\t\t\t<div class=\"elementor-widget-container\">\n\t\t\t    <div id=\"cms_ctf7-3a28f51\" class=\"cms-cf7 overflow-hidden bg-white p-20 p-lg-30 p-xl-50 cms-radius-16 cms-shadow-3\">\r\n        <div class=\"cms-cf7-inner\">                <div class=\"cms-form-heading cms-heading text-24 font-500 mt-n12\">Ein Angebot anfordern<\/div>\r\n                        <div class=\"pt-20\">\n<div class=\"wpcf7 no-js\" id=\"wpcf7-f13282-o1\" lang=\"de-DE\" dir=\"ltr\" data-wpcf7-id=\"13282\">\n<div class=\"screen-reader-response\"><p role=\"status\" aria-live=\"polite\" aria-atomic=\"true\"><\/p> <ul><\/ul><\/div>\n<form action=\"\/de\/wp-json\/wp\/v2\/pages\/13277#wpcf7-f13282-o1\" method=\"post\" class=\"wpcf7-form init\" aria-label=\"Kontaktformular\" novalidate=\"novalidate\" data-status=\"init\" data-trp-original-action=\"\/de\/wp-json\/wp\/v2\/pages\/13277#wpcf7-f13282-o1\">\n<fieldset class=\"hidden-fields-container\"><input type=\"hidden\" name=\"_wpcf7\" value=\"13282\" \/><input type=\"hidden\" name=\"_wpcf7_version\" value=\"6.1.5\" \/><input type=\"hidden\" name=\"_wpcf7_locale\" value=\"de_DE\" \/><input type=\"hidden\" name=\"_wpcf7_unit_tag\" value=\"wpcf7-f13282-o1\" \/><input type=\"hidden\" name=\"_wpcf7_container_post\" value=\"0\" \/><input type=\"hidden\" name=\"_wpcf7_posted_data_hash\" value=\"\" \/><input type=\"hidden\" name=\"_wpcf7_recaptcha_response\" value=\"\" \/>\n<\/fieldset>\n<div class=\"row\">\n\t<div class=\"col-lg-6 mb-30\">\n\t\t<p><span class=\"wpcf7-form-control-wrap\" data-name=\"your-company\"><input size=\"40\" maxlength=\"400\" class=\"wpcf7-form-control wpcf7-text wpcf7-validates-as-required\" aria-required=\"true\" aria-invalid=\"false\" placeholder=\"Name der Firma\" value=\"\" type=\"text\" name=\"your-company\" \/><\/span>\n\t\t<\/p>\n\t<\/div>\n\t<div class=\"col-lg-6 mb-30\">\n\t\t<p><span class=\"wpcf7-form-control-wrap\" data-name=\"your-name\"><input size=\"40\" maxlength=\"400\" class=\"wpcf7-form-control wpcf7-text wpcf7-validates-as-required\" aria-required=\"true\" aria-invalid=\"false\" placeholder=\"Name\" value=\"\" type=\"text\" name=\"your-name\" \/><\/span>\n\t\t<\/p>\n\t<\/div>\n\t<div class=\"col-lg-6 mb-30\">\n\t\t<p><span class=\"wpcf7-form-control-wrap\" data-name=\"your-email\"><input size=\"40\" maxlength=\"400\" class=\"wpcf7-form-control wpcf7-email wpcf7-validates-as-required wpcf7-text wpcf7-validates-as-email\" aria-required=\"true\" aria-invalid=\"false\" placeholder=\"Email\" value=\"\" type=\"email\" name=\"your-email\" \/><\/span>\n\t\t<\/p>\n\t<\/div>\n\t<div class=\"col-lg-6 mb-30\">\n\t\t<p><span class=\"wpcf7-form-control-wrap\" data-name=\"phone\"><input size=\"40\" maxlength=\"400\" class=\"wpcf7-form-control wpcf7-tel wpcf7-validates-as-required wpcf7-text wpcf7-validates-as-tel\" aria-required=\"true\" aria-invalid=\"false\" placeholder=\"Telefonnummer\" value=\"\" type=\"tel\" name=\"phone\" \/><\/span>\n\t\t<\/p>\n\t<\/div>\n\t<div class=\"col-lg-6 mb-30\">\n\t\t<p><span class=\"wpcf7-form-control-wrap\" data-name=\"services\"><select class=\"wpcf7-form-control wpcf7-select wpcf7-validates-as-required\" aria-required=\"true\" aria-invalid=\"false\" name=\"services\"><option value=\"\">Ein Produkt w\u00e4hlen<\/option><option value=\"Big Bags\">Big Bags<\/option><option value=\"Polypropylen (PP) &amp; 25-50kg S\u00e4cke\">Polypropylen (PP) &amp; 25-50kg S\u00e4cke<\/option><option value=\"Verpackungsmaterialien\">Verpackungsmaterialien<\/option><option value=\"Wiege- und Verschlie\u00dfmaschinen\">Wiege- und Verschlie\u00dfmaschinen<\/option><option value=\"BOPP Flowpack-Folien\">BOPP Flowpack-Folien<\/option><option value=\"Containerliners\">Containerliners<\/option><option value=\"Asbestabfall-S\u00e4cke\">Asbestabfall-S\u00e4cke<\/option><option value=\"Paletten\">Paletten<\/option><option value=\"Big Bag Racks\">Big Bag Racks<\/option><option value=\"LDPE\/HDPE Abdeckungen\">LDPE\/HDPE Abdeckungen<\/option><option value=\"Verpackungsfolie &amp; Verpackungsnetze\">Verpackungsfolie &amp; Verpackungsnetze<\/option><option value=\"Andere\">Andere<\/option><\/select><\/span>\n\t\t<\/p>\n\t<\/div>\n\t<div class=\"col-12 mb-30\">\n\t\t<p><span class=\"wpcf7-form-control-wrap\" data-name=\"bericht\"><textarea cols=\"40\" rows=\"10\" maxlength=\"2000\" class=\"wpcf7-form-control wpcf7-textarea wpcf7-validates-as-required\" aria-required=\"true\" aria-invalid=\"false\" placeholder=\"Ihre Nachricht\" name=\"bericht\"><\/textarea><\/span>\n\t\t<\/p>\n\t<\/div>\n\t<div class=\"col-12\">\n\t\t<p><button class=\"wpcf7-form-control wpcf7-submit btn btn-primary btn-lg\" type=\"submit\"><span class=\"cms-btn-content\"><span class=\"wpcf7-submit-icon cms-btn-icon cmsi-arrow-circle-right rtl-flip\"><\/span><span class=\"cms-btn-text\">Anfrage senden<\/span><\/span><\/button>\n\t\t<\/p>\n\t<\/div>\n<\/div><div class=\"wpcf7-response-output\" aria-hidden=\"true\"><\/div>\n<input type=\"hidden\" name=\"trp-form-language\" value=\"de\"\/><\/form>\n<\/div>\n<\/div>\r\n        <\/div>\r\n    <\/div>\r\n\t\t<\/div>\n\t\t\t\t<\/div>\n\t\t            <\/div>\n        <\/div>\n                            <\/div>\n        <\/section>\n        \t\t\t\t\t<\/div>","protected":false},"excerpt":{"rendered":"<p>Verpackungen f\u00fcr Ihre nachhaltige Welt? Wir beraten Sie gerne und helfen Ihnen auf Ihrem Weg. Um Ihnen bei der L\u00f6sung Ihrer Probleme im Zusammenhang mit dem Verpacken, Umpacken, Lagern und Transportieren Ihrer Produkte zu helfen, w\u00fcrden wir uns gerne mit Ihnen in Verbindung setzen. Hinterlassen Sie Ihre Daten und wir werden uns so schnell wie [&hellip;]<\/p>\n","protected":false},"author":64876,"featured_media":0,"parent":0,"menu_order":18,"comment_status":"closed","ping_status":"closed","template":"","meta":{"footnotes":""},"class_list":["post-13277","page","type-page","status-publish","hentry","cms-has-post-thumbnail"],"_links":{"self":[{"href":"https:\/\/zakkencentrale.nl\/de\/wp-json\/wp\/v2\/pages\/13277","targetHints":{"allow":["GET"]}}],"collection":[{"href":"https:\/\/zakkencentrale.nl\/de\/wp-json\/wp\/v2\/pages"}],"about":[{"href":"https:\/\/zakkencentrale.nl\/de\/wp-json\/wp\/v2\/types\/page"}],"author":[{"embeddable":true,"href":"https:\/\/zakkencentrale.nl\/de\/wp-json\/wp\/v2\/users\/64876"}],"replies":[{"embeddable":true,"href":"https:\/\/zakkencentrale.nl\/de\/wp-json\/wp\/v2\/comments?post=13277"}],"version-history":[{"count":10,"href":"https:\/\/zakkencentrale.nl\/de\/wp-json\/wp\/v2\/pages\/13277\/revisions"}],"predecessor-version":[{"id":13828,"href":"https:\/\/zakkencentrale.nl\/de\/wp-json\/wp\/v2\/pages\/13277\/revisions\/13828"}],"wp:attachment":[{"href":"https:\/\/zakkencentrale.nl\/de\/wp-json\/wp\/v2\/media?parent=13277"}],"curies":[{"name":"wp","href":"https:\/\/api.w.org\/{rel}","templated":true}]}}