{"id":13272,"date":"2025-03-13T12:32:51","date_gmt":"2025-03-13T12:32:51","guid":{"rendered":"https:\/\/zakkencentrale.nl\/?page_id=13272"},"modified":"2025-03-20T14:23:20","modified_gmt":"2025-03-20T14:23:20","slug":"kontakt","status":"publish","type":"page","link":"https:\/\/zakkencentrale.nl\/de\/kontakt\/","title":{"rendered":"Kontakt"},"content":{"rendered":"<div data-elementor-type=\"wp-page\" data-elementor-id=\"13272\" class=\"elementor elementor-13272\">\n\t\t\t\t\t\t\t        <section class=\"elementor-section elementor-top-section elementor-element elementor-element-2fc0640 elementor-section-boxed elementor-section-height-default elementor-section-height-default cms-full-content-with-space-none cms-boxed-bg-false\" data-id=\"2fc0640\" data-element_type=\"section\">\n            \n            <div class=\"cms-section-boxed-bg\"><\/div>            <div class=\"elementor-container elementor-column-gap-default\">\n                    <div class=\"elementor-column elementor-col-33 elementor-top-column elementor-element elementor-element-bff3f11\" data-id=\"bff3f11\" data-element_type=\"column\">\n            <div class=\"elementor-widget-wrap elementor-element-populated\">\n                        \t\t<div class=\"elementor-element elementor-element-81d4d7c cms-quick-contact-layout-10 elementor-invisible elementor-widget elementor-widget-cms_quickcontact\" data-id=\"81d4d7c\" data-element_type=\"widget\" data-settings=\"{&quot;_animation&quot;:&quot;fadeInLeft&quot;}\" data-widget_type=\"cms_quickcontact.default\">\n\t\t\t\t<div class=\"elementor-widget-container\">\n\t\t\t<div class=\"cms-qc-wrap\">\n\t<div class=\"cms-qc-inner p-30 p-lg-60\">\n\t\t<div class=\"row justify-content-center text-body\">\n\t\t\t\t\t<div class=\"cms-qc-list col-12 text-\">\n\t\t\t\t<div class=\"row gutters-10 align-items-center\">\n\t\t\t\t\t<div class=\"col-auto empty-none\"><\/div>\n\t\t\t        <div class=\"col empty-none\">\n\t\t\t        \t<div>\n\t\t\t        \t\t<div class=\"cms-heading text-17 cms-contact-title empty-none\">Standort<\/div>\n\t\t\t        \t\tCa\u00efrostraat 50, 3047 BC Rotterdam<\/div>\n\t\t\t        \t<div><div class=\"cms-heading text-17 cms-contact-title empty-none\"><\/div> <\/div>\n\t\t\t        <\/div>\n\t\t\t    <\/div>\n\t\t    <\/div>      \n\t\t\t\t\t<div class=\"cms-qc-list col-12 text-\">\n\t\t\t\t<div class=\"row gutters-10 align-items-center\">\n\t\t\t\t\t<div class=\"col-auto empty-none\"><\/div>\n\t\t\t        <div class=\"col empty-none\">\n\t\t\t        \t<div>\n\t\t\t        \t\t<div class=\"cms-heading text-17 cms-contact-title empty-none\">\t\t        \t\t\t\t<a href=\"mailto:info@zakkencentrale.nl\">Kontakt<\/div>\n\t\t\t        \t\tinfo@zakkencentrale.nl<\/a><\/div>\n\t\t\t        \t<div><div class=\"cms-heading text-17 cms-contact-title empty-none\"><\/div> (+31) 10 4370055<\/div>\n\t\t\t        <\/div>\n\t\t\t    <\/div>\n\t\t    <\/div>      \n\t\t\t\t<\/div>\n\t\t\t<\/div>\n<\/div>\t\t<\/div>\n\t\t\t\t<\/div>\n\t\t\t\t<div class=\"elementor-element elementor-element-da04576 cms-menu-layout-3 elementor-invisible elementor-widget elementor-widget-cms_menu\" data-id=\"da04576\" data-element_type=\"widget\" data-settings=\"{&quot;_animation&quot;:&quot;fadeInUp&quot;}\" data-widget_type=\"cms_menu.default\">\n\t\t\t\t<div class=\"elementor-widget-container\">\n\t\t\t<div class=\"cms-menu-wraps cms-radius-8 p-40 relative\">\n\t<div class=\"cms-heading text-19 lh-30 mb-20 mt-n8\">Unsere Gesch\u00e4ftsbereiche\n<\/div>\n\t<div class=\"menu-divisies-de-container\"><ul id=\"menu-divisies-de\" class=\"cms-menu cms-menu-style-3\"><li id=\"menu-item-13116\" class=\"menu-item menu-item-type-custom menu-item-object-custom menu-item-13116\"><span class=\"text- link-hover-\"><a href=\"https:\/\/zakkencentrale.nl\/de\/services\/zakkencentrale-bv-3\/\"><span class=\"menu-icon cmsi-arrow-circle-right rtl-flip\"><\/span>Zakkencentrale<\/a><\/span><\/li>\n<li id=\"menu-item-13117\" class=\"menu-item menu-item-type-custom menu-item-object-custom menu-item-13117\"><span class=\"text- link-hover-\"><a href=\"https:\/\/zakkencentrale.nl\/de\/services\/exim-handelsonderneming-2\/\"><span class=\"menu-icon cmsi-arrow-circle-right rtl-flip\"><\/span>Exim<\/a><\/span><\/li>\n<li id=\"menu-item-13118\" class=\"menu-item menu-item-type-custom menu-item-object-custom menu-item-13118\"><span class=\"text- link-hover-\"><a href=\"https:\/\/zakkencentrale.nl\/de\/services\/zakkencentrale-nederland-bv-2\/\"><span class=\"menu-icon cmsi-arrow-circle-right rtl-flip\"><\/span>Zakkencentrale Nederland<\/a><\/span><\/li>\n<\/ul><\/div><\/div>\t\t<\/div>\n\t\t\t\t<\/div>\n\t\t            <\/div>\n        <\/div>\n                <div class=\"elementor-column elementor-col-66 elementor-top-column elementor-element elementor-element-3dabe35 pl-xl-100\" data-id=\"3dabe35\" data-element_type=\"column\">\n            <div class=\"elementor-widget-wrap elementor-element-populated\">\n                        \t\t<div class=\"elementor-element elementor-element-fa72f6a cms-cf7-layout-3 elementor-invisible elementor-widget elementor-widget-cms_ctf7\" data-id=\"fa72f6a\" data-element_type=\"widget\" data-settings=\"{&quot;_animation&quot;:&quot;fadeInRight&quot;}\" data-widget_type=\"cms_ctf7.default\">\n\t\t\t\t<div class=\"elementor-widget-container\">\n\t\t\t    <div id=\"cms_ctf7-fa72f6a\" class=\"cms-cf7\">\r\n        <div class=\"cms-cf7-inner\">                <div class=\"cms-form-heading cms-heading text-24 font-500 mt-n12\">Let&#039;s Connect<\/div>\r\n                            <div class=\"cms-form-desc text-15 lh-26 pt-10\">Haben Sie eine Frage, m\u00f6chten Sie weitere Informationen oder ein Angebot? \n\nSie k\u00f6nnen uns jederzeit telefonisch, per E-Mail oder mit dem beigef\u00fcgten Formular kontaktieren. \n\nWir liefern immer.<\/div>\r\n                        <div class=\"pt-20\">\n<div class=\"wpcf7 no-js\" id=\"wpcf7-f13237-o1\" lang=\"de-DE\" dir=\"ltr\" data-wpcf7-id=\"13237\">\n<div class=\"screen-reader-response\"><p role=\"status\" aria-live=\"polite\" aria-atomic=\"true\"><\/p> <ul><\/ul><\/div>\n<form action=\"\/de\/wp-json\/wp\/v2\/pages\/13272#wpcf7-f13237-o1\" method=\"post\" class=\"wpcf7-form init\" aria-label=\"Kontaktformular\" novalidate=\"novalidate\" data-status=\"init\" data-trp-original-action=\"\/de\/wp-json\/wp\/v2\/pages\/13272#wpcf7-f13237-o1\">\n<fieldset class=\"hidden-fields-container\"><input type=\"hidden\" name=\"_wpcf7\" value=\"13237\" \/><input type=\"hidden\" name=\"_wpcf7_version\" value=\"6.1.5\" \/><input type=\"hidden\" name=\"_wpcf7_locale\" value=\"de_DE\" \/><input type=\"hidden\" name=\"_wpcf7_unit_tag\" value=\"wpcf7-f13237-o1\" \/><input type=\"hidden\" name=\"_wpcf7_container_post\" value=\"0\" \/><input type=\"hidden\" name=\"_wpcf7_posted_data_hash\" value=\"\" \/><input type=\"hidden\" name=\"_wpcf7_recaptcha_response\" value=\"\" \/>\n<\/fieldset>\n<div class=\"row\">\n\t<div class=\"col-lg-6 mb-30\">\n\t\t<p><span class=\"wpcf7-form-control-wrap\" data-name=\"your-company\"><input size=\"40\" maxlength=\"400\" class=\"wpcf7-form-control wpcf7-text wpcf7-validates-as-required\" aria-required=\"true\" aria-invalid=\"false\" placeholder=\"Firmenname\" value=\"\" type=\"text\" name=\"your-company\" \/><\/span>\n\t\t<\/p>\n\t<\/div>\n\t<div class=\"col-lg-6 mb-30\">\n\t\t<p><span class=\"wpcf7-form-control-wrap\" data-name=\"your-name\"><input size=\"40\" maxlength=\"400\" class=\"wpcf7-form-control wpcf7-text wpcf7-validates-as-required\" aria-required=\"true\" aria-invalid=\"false\" placeholder=\"Name\" value=\"\" type=\"text\" name=\"your-name\" \/><\/span>\n\t\t<\/p>\n\t<\/div>\n\t<div class=\"col-lg-6 mb-30\">\n\t\t<p><span class=\"wpcf7-form-control-wrap\" data-name=\"your-name\"><input size=\"40\" maxlength=\"400\" class=\"wpcf7-form-control wpcf7-text wpcf7-validates-as-required\" aria-required=\"true\" aria-invalid=\"false\" placeholder=\"Nachname\" value=\"\" type=\"text\" name=\"your-name\" \/><\/span>\n\t\t<\/p>\n\t<\/div>\n\t<div class=\"col-lg-6 mb-30\">\n\t\t<p><span class=\"wpcf7-form-control-wrap\" data-name=\"your-email\"><input size=\"40\" maxlength=\"400\" class=\"wpcf7-form-control wpcf7-email wpcf7-validates-as-required wpcf7-text wpcf7-validates-as-email\" aria-required=\"true\" aria-invalid=\"false\" placeholder=\"Email\" value=\"\" type=\"email\" name=\"your-email\" \/><\/span>\n\t\t<\/p>\n\t<\/div>\n\t<div class=\"col-lg-6 mb-30\">\n\t\t<p><span class=\"wpcf7-form-control-wrap\" data-name=\"phone\"><input size=\"40\" maxlength=\"400\" class=\"wpcf7-form-control wpcf7-tel wpcf7-validates-as-required wpcf7-text wpcf7-validates-as-tel\" aria-required=\"true\" aria-invalid=\"false\" placeholder=\"Telefonnummer\" value=\"\" type=\"tel\" name=\"phone\" \/><\/span>\n\t\t<\/p>\n\t<\/div>\n\t<div class=\"col-12 mb-30\">\n\t\t<p><span class=\"wpcf7-form-control-wrap\" data-name=\"bericht\"><textarea cols=\"40\" rows=\"10\" maxlength=\"2000\" class=\"wpcf7-form-control wpcf7-textarea wpcf7-validates-as-required\" aria-required=\"true\" aria-invalid=\"false\" placeholder=\"Ihre Nachricht\" name=\"bericht\"><\/textarea><\/span>\n\t\t<\/p>\n\t<\/div>\n\t<div class=\"col-12\">\n\t\t<p><button class=\"wpcf7-form-control wpcf7-submit btn btn-primary btn-lg\" type=\"submit\"><span class=\"cms-btn-content\"><span class=\"wpcf7-submit-icon cms-btn-icon cmsi-arrow-circle-right rtl-flip\"><\/span><span class=\"cms-btn-text\">Anfrage senden<\/span><\/span><\/button>\n\t\t<\/p>\n\t<\/div>\n<\/div><div class=\"wpcf7-response-output\" aria-hidden=\"true\"><\/div>\n<input type=\"hidden\" name=\"trp-form-language\" value=\"de\"\/><\/form>\n<\/div>\n<\/div>\r\n        <\/div>\r\n    <\/div>\r\n\t\t<\/div>\n\t\t\t\t<\/div>\n\t\t            <\/div>\n        <\/div>\n                            <\/div>\n        <\/section>\n                <section class=\"elementor-section elementor-top-section elementor-element elementor-element-164a6d1 elementor-section-full_width elementor-section-stretched p-0 elementor-section-height-min-height elementor-section-height-default elementor-section-items-middle cms-full-content-with-space-none\" data-id=\"164a6d1\" data-element_type=\"section\" data-settings=\"{&quot;stretch_section&quot;:&quot;section-stretched&quot;}\">\n            \n            <div class=\"cms-section-boxed-bg\"><\/div>            <div class=\"elementor-container elementor-column-gap-no\">\n                    <div class=\"elementor-column elementor-col-100 elementor-top-column elementor-element elementor-element-fd1e332\" data-id=\"fd1e332\" data-element_type=\"column\">\n            <div class=\"elementor-widget-wrap elementor-element-populated\">\n                        \t\t<div class=\"elementor-element elementor-element-008971d elementor-widget elementor-widget-google_maps\" data-id=\"008971d\" data-element_type=\"widget\" data-widget_type=\"google_maps.default\">\n\t\t\t\t<div class=\"elementor-widget-container\">\n\t\t\t<style>\/*! elementor - v3.17.0 - 08-11-2023 *\/\n.elementor-widget-google_maps .elementor-widget-container{overflow:hidden}.elementor-widget-google_maps .elementor-custom-embed{line-height:0}.elementor-widget-google_maps iframe{height:300px}<\/style>\t\t<div class=\"elementor-custom-embed\">\n\t\t\t<iframe loading=\"lazy\"\n\t\t\t\t\tsrc=\"https:\/\/maps.google.com\/maps?q=zakkencentrale&#038;t=m&#038;z=13&#038;output=embed&#038;iwloc=near\"\n\t\t\t\t\ttitle=\"zakkencentrale\"\n\t\t\t\t\taria-label=\"zakkencentrale\"\n\t\t\t><\/iframe>\n\t\t<\/div>\n\t\t\t\t<\/div>\n\t\t\t\t<\/div>\n\t\t            <\/div>\n        <\/div>\n                            <\/div>\n        <\/section>\n        \t\t\t\t\t<\/div>","protected":false},"excerpt":{"rendered":"<p>Standort Ca\u00efrostraat 50, 3047 BC Rotterdam Kontakt info@zakkencentrale.nl (+31) 10 4370055 Unsere Gesch\u00e4ftsbereiche Zakkencentrale Exim Zakkencentrale Nederland Let&#039;s Connect Haben Sie eine Frage, m\u00f6chten Sie weitere Informationen oder ein Angebot? Sie k\u00f6nnen uns jederzeit telefonisch, per E-Mail oder mit dem beigef\u00fcgten Formular kontaktieren. Wir liefern immer. Anfrage senden<\/p>","protected":false},"author":64876,"featured_media":0,"parent":0,"menu_order":17,"comment_status":"closed","ping_status":"closed","template":"","meta":{"footnotes":""},"class_list":["post-13272","page","type-page","status-publish","hentry","cms-has-post-thumbnail"],"_links":{"self":[{"href":"https:\/\/zakkencentrale.nl\/de\/wp-json\/wp\/v2\/pages\/13272","targetHints":{"allow":["GET"]}}],"collection":[{"href":"https:\/\/zakkencentrale.nl\/de\/wp-json\/wp\/v2\/pages"}],"about":[{"href":"https:\/\/zakkencentrale.nl\/de\/wp-json\/wp\/v2\/types\/page"}],"author":[{"embeddable":true,"href":"https:\/\/zakkencentrale.nl\/de\/wp-json\/wp\/v2\/users\/64876"}],"replies":[{"embeddable":true,"href":"https:\/\/zakkencentrale.nl\/de\/wp-json\/wp\/v2\/comments?post=13272"}],"version-history":[{"count":16,"href":"https:\/\/zakkencentrale.nl\/de\/wp-json\/wp\/v2\/pages\/13272\/revisions"}],"predecessor-version":[{"id":13983,"href":"https:\/\/zakkencentrale.nl\/de\/wp-json\/wp\/v2\/pages\/13272\/revisions\/13983"}],"wp:attachment":[{"href":"https:\/\/zakkencentrale.nl\/de\/wp-json\/wp\/v2\/media?parent=13272"}],"curies":[{"name":"wp","href":"https:\/\/api.w.org\/{rel}","templated":true}]}}