{"id":13254,"date":"2025-03-13T12:23:22","date_gmt":"2025-03-13T12:23:22","guid":{"rendered":"https:\/\/zakkencentrale.nl\/?page_id=13254"},"modified":"2025-03-13T12:27:52","modified_gmt":"2025-03-13T12:27:52","slug":"beratung","status":"publish","type":"page","link":"https:\/\/zakkencentrale.nl\/de\/beratung\/","title":{"rendered":"Beratung"},"content":{"rendered":"\t\t<div data-elementor-type=\"wp-page\" data-elementor-id=\"13254\" class=\"elementor elementor-13254\">\n\t\t\t\t\t\t\t        <section class=\"elementor-section elementor-top-section elementor-element elementor-element-496cc9e pt-90 pb-95 elementor-section-boxed elementor-section-height-default elementor-section-height-default cms-full-content-with-space-none cms-boxed-bg-false\" data-id=\"496cc9e\" data-element_type=\"section\">\n            \n            <div class=\"cms-section-boxed-bg\"><\/div>            <div class=\"elementor-container elementor-column-gap-default \">\n                    <div class=\"elementor-column elementor-col-100 elementor-top-column elementor-element elementor-element-4fd6cdd\" data-id=\"4fd6cdd\" data-element_type=\"column\">\n            <div class=\"elementor-widget-wrap elementor-element-populated\">\n                        \t\t<div class=\"elementor-element elementor-element-5cb454a elementor-widget elementor-widget-text-editor\" data-id=\"5cb454a\" data-element_type=\"widget\" data-widget_type=\"text-editor.default\">\n\t\t\t\t<div class=\"elementor-widget-container\">\n\t\t\t<style>\/*! elementor - v3.17.0 - 08-11-2023 *\/\n.elementor-widget-text-editor.elementor-drop-cap-view-stacked .elementor-drop-cap{background-color:#69727d;color:#fff}.elementor-widget-text-editor.elementor-drop-cap-view-framed .elementor-drop-cap{color:#69727d;border:3px solid;background-color:transparent}.elementor-widget-text-editor:not(.elementor-drop-cap-view-default) .elementor-drop-cap{margin-top:8px}.elementor-widget-text-editor:not(.elementor-drop-cap-view-default) .elementor-drop-cap-letter{width:1em;height:1em}.elementor-widget-text-editor .elementor-drop-cap{float:left;text-align:center;line-height:1;font-size:50px}.elementor-widget-text-editor .elementor-drop-cap-letter{display:inline-block}<\/style>\t\t\t\t<p>Die Zakkencentrale Gruppe m\u00f6chte mehr tun, als Ihnen nur Materialien zu liefern.<\/p><p>Wir bieten auch Beratungsdienste an, um Ihnen zu helfen, die richtige L\u00f6sung f\u00fcr Ihre spezifischen Umst\u00e4nde zu finden. Unsere Dienstleistungen umfassen mehr als nur das Verpacken, Lagern oder Transportieren Ihrer Produkte. Wir k\u00f6nnen Ihnen auch bei Fragen zu <strong>Lagerhaltung und Logistik<\/strong> helfen. Au\u00dferdem bieten wir Ihnen <a href=\"https:\/\/zakkencentrale.nl\/en\/services\/technical-support\/\"><strong>technische Unterst\u00fctzung<\/strong><\/a> f\u00fcr die von uns gelieferten Maschinen. Unser umfangreiches Wissen und unsere jahrzehntelange Erfahrung setzen wir gerne f\u00fcr Sie ein.<\/p><p>Alle von uns gelieferten Produkte werden nach folgenden Qualit\u00e4tsstandards hergestellt: ISO 9001, 22000\/14001, Pharma, BRC, AIB und HACCP, Kosher, Halal und UN. Somit erf\u00fcllen wir stets alle gesetzlichen Anforderungen und Vorschriften der EFIBCA und der UN.<\/p><p>M\u00f6chten Sie herausfinden, was wir f\u00fcr Sie tun k\u00f6nnen? Bitte kontaktieren Sie uns risikofrei. Wir liefern immer.<\/p>\t\t\t\t\t\t<\/div>\n\t\t\t\t<\/div>\n\t\t\t\t<div class=\"elementor-element elementor-element-4ceab47 elementor-widget elementor-widget-cms_button\" data-id=\"4ceab47\" data-element_type=\"widget\" data-widget_type=\"cms_button.default\">\n\t\t\t\t<div class=\"elementor-widget-container\">\n\t\t\t        <div class=\"cms-btn-wraps  text-start\">\r\n                <a href=\"\/kontakt\" class=\"btn btn-fill btn-accent btn-hover-primary\">\r\n                <span class=\"cms-btn-content cms-btn-content-\">\r\n                                            <span class=\"cms-btn-icon cms-align-icon-left rtl-flip\">\r\n                            <i aria-hidden=\"true\" class=\"cmsi-arrow-circle-right\"><\/i>                        <\/span>\r\n                                        <span class=\"cms-btn-text\">Kontakt<\/span>\r\n                                    <\/span>\r\n            <\/a>\r\n                <\/div>\r\n    \t\t<\/div>\n\t\t\t\t<\/div>\n\t\t\t\t<div class=\"elementor-element elementor-element-ce24167 elementor-widget elementor-widget-spacer\" data-id=\"ce24167\" data-element_type=\"widget\" data-widget_type=\"spacer.default\">\n\t\t\t\t<div class=\"elementor-widget-container\">\n\t\t\t<style>\/*! elementor - v3.17.0 - 08-11-2023 *\/\n.elementor-column .elementor-spacer-inner{height:var(--spacer-size)}.e-con{--container-widget-width:100%}.e-con-inner>.elementor-widget-spacer,.e-con>.elementor-widget-spacer{width:var(--container-widget-width,var(--spacer-size));--align-self:var(--container-widget-align-self,initial);--flex-shrink:0}.e-con-inner>.elementor-widget-spacer>.elementor-widget-container,.e-con>.elementor-widget-spacer>.elementor-widget-container{height:100%;width:100%}.e-con-inner>.elementor-widget-spacer>.elementor-widget-container>.elementor-spacer,.e-con>.elementor-widget-spacer>.elementor-widget-container>.elementor-spacer{height:100%}.e-con-inner>.elementor-widget-spacer>.elementor-widget-container>.elementor-spacer>.elementor-spacer-inner,.e-con>.elementor-widget-spacer>.elementor-widget-container>.elementor-spacer>.elementor-spacer-inner{height:var(--container-widget-height,var(--spacer-size))}.e-con-inner>.elementor-widget-spacer.elementor-widget-empty,.e-con>.elementor-widget-spacer.elementor-widget-empty{position:relative;min-height:22px;min-width:22px}.e-con-inner>.elementor-widget-spacer.elementor-widget-empty .elementor-widget-empty-icon,.e-con>.elementor-widget-spacer.elementor-widget-empty .elementor-widget-empty-icon{position:absolute;top:0;bottom:0;left:0;right:0;margin:auto;padding:0;width:22px;height:22px}<\/style>\t\t<div class=\"elementor-spacer\">\n\t\t\t<div class=\"elementor-spacer-inner\"><\/div>\n\t\t<\/div>\n\t\t\t\t<\/div>\n\t\t\t\t<\/div>\n\t\t\t\t<div class=\"elementor-element elementor-element-f32b5fe cms-post-layout-3 elementor-widget elementor-widget-cms_post_grid\" data-id=\"f32b5fe\" data-element_type=\"widget\" data-widget_type=\"cms_post_grid.default\">\n\t\t\t\t<div class=\"elementor-widget-container\">\n\t\t\t\r\n<div id=\"cms_post_grid-f32b5fe\" class=\"cms-grid\" data-layoutmode=\"fitRows\" data-layout=\"masonry\" data-start-page=\"1\" data-max-pages=\"0\" data-total=\"0\" data-perpage=\"6\" data-next-link=\"https:\/\/zakkencentrale.nl\/de\/wp-json\/wp\/v2\/pages\/13254\/page\/2\/\">\r\n        <div class=\"cms-grid-inner cms-grid-masonry row animation-time relative\" data-layout=\"fitRows\" style=\"margin: -15px\">\r\n        <div class=\"cms-grid-sizer\"><\/div>\r\n        <div class=\"cms-grid-gutter\"><\/div>\r\n                <div class=\"cms-grid-overlay\"><\/div>\r\n    <\/div>\r\n                <div class=\"cms-post-pagination cms-load-more text-center mt-40\" data-loadmore=\"{&quot;post_type&quot;:&quot;cms-service&quot;,&quot;layout&quot;:&quot;3&quot;,&quot;startPage&quot;:1,&quot;maxPages&quot;:0,&quot;total&quot;:0,&quot;perpage&quot;:6,&quot;nextLink&quot;:&quot;https:\\\/\\\/zakkencentrale.nl\\\/de\\\/wp-json\\\/wp\\\/v2\\\/pages\\\/13254\\\/page\\\/2\\\/&quot;,&quot;source&quot;:[&quot;new-eng|service-category&quot;],&quot;orderby&quot;:&quot;date&quot;,&quot;order&quot;:&quot;desc&quot;,&quot;limit&quot;:6,&quot;col_xl&quot;:&quot;3&quot;,&quot;col_lg&quot;:&quot;3&quot;,&quot;col_md&quot;:&quot;2&quot;,&quot;col_sm&quot;:&quot;1&quot;,&quot;gap&quot;:30,&quot;gap_extra&quot;:&quot;&quot;,&quot;thumbnail_size&quot;:&quot;custom&quot;,&quot;thumbnail_custom_dimension&quot;:{&quot;width&quot;:&quot;570&quot;,&quot;height&quot;:&quot;500&quot;},&quot;excerpt_lenght&quot;:25,&quot;excerpt_more_text&quot;:&quot;...&quot;,&quot;readmore_text&quot;:&quot;Mehr lesen&quot;,&quot;show_fb&quot;:&quot;true&quot;,&quot;show_tw&quot;:&quot;true&quot;,&quot;show_insta&quot;:&quot;false&quot;,&quot;show_email&quot;:&quot;true&quot;,&quot;show_phone&quot;:&quot;true&quot;,&quot;tax&quot;:[]}\" data-loading-text=\"Loading\">\r\n            <span class=\"btn btn-lg btn-fill btn-accent\">\r\n                <span class=\"cms-btn-content\">\r\n                    <span class=\"cms-btn-icon text-20 cmsi-arrow-circle-right\"><\/span>\r\n                    <span class=\"cms-btn-text\">Load More<\/span>\r\n                <\/span>\r\n            <\/span>\r\n        <\/div>\r\n    <\/div>\t\t<\/div>\n\t\t\t\t<\/div>\n\t\t            <\/div>\n        <\/div>\n                            <\/div>\n        <\/section>\n                <section class=\"elementor-section elementor-top-section elementor-element elementor-element-25ee09c8 elementor-section-stretched pb-0 elementor-section-boxed elementor-section-height-default elementor-section-height-default cms-full-content-with-space-none cms-boxed-bg-false\" data-id=\"25ee09c8\" data-element_type=\"section\" data-settings=\"{&quot;stretch_section&quot;:&quot;section-stretched&quot;,&quot;background_background&quot;:&quot;classic&quot;}\">\n                            <div class=\"elementor-background-overlay\"><\/div>\n                \n            <div class=\"cms-section-boxed-bg\"><\/div>            <div class=\"elementor-container elementor-column-gap-default \">\n                    <div class=\"elementor-column elementor-col-41 elementor-top-column elementor-element elementor-element-21cbe380\" data-id=\"21cbe380\" data-element_type=\"column\">\n            <div class=\"elementor-widget-wrap elementor-element-populated\">\n                        \t\t<div class=\"elementor-element elementor-element-4070f0d5 cms-heading-layout-5 elementor-widget elementor-widget-cms_heading\" data-id=\"4070f0d5\" data-element_type=\"widget\" data-widget_type=\"cms_heading.default\">\n\t\t\t\t<div class=\"elementor-widget-container\">\n\t\t\t\r\n<div class=\"cms-heading-wrapper \">\r\n            <h2 class=\"cms-mainheading text-16 lh-24 font-700 text-white\">Ihre nachhaltige Welt verpacken?<\/h2>\r\n                <div class=\"cms-heading cms-subheading text-34 lh-48 pt-10 text-white\">Wir beraten Sie gerne und helfen Ihnen auf Ihrem Weg.\n<\/div>\r\n            <div class=\"cms-heading-desc text-16 lh-27 pt-20 text-white\"><p>Um Ihnen bei der L\u00f6sung Ihrer Probleme im Zusammenhang mit dem Verpacken, Umpacken, Lagern und Transportieren Ihrer Produkte zu helfen, w\u00fcrden wir uns gerne mit Ihnen in Verbindung setzen<\/p>\n<p>Hinterlassen Sie Ihre Daten und wir werden uns so schnell wie m\u00f6glich mit einem Angebot bei Ihnen melden.<\/p>\n<\/div>\r\n        <div class=\"cms-heading-btns row gutters-30 gutters-grid empty-none pt-40 align-items-center justify-content-\">    <\/div>\r\n<\/div>\t\t<\/div>\n\t\t\t\t<\/div>\n\t\t        <section class=\"elementor-section elementor-inner-section elementor-element elementor-element-2b4acc6e elementor-section-boxed elementor-section-height-default elementor-section-height-default cms-full-content-with-space-none cms-boxed-bg-false\" data-id=\"2b4acc6e\" data-element_type=\"section\">\n            \n            <div class=\"cms-section-boxed-bg\"><\/div>            <div class=\"elementor-container elementor-column-gap-default \">\n                    <div class=\"elementor-column elementor-col-33 elementor-inner-column elementor-element elementor-element-a24e4db\" data-id=\"a24e4db\" data-element_type=\"column\">\n            <div class=\"elementor-widget-wrap elementor-element-populated\">\n                        \t\t<div class=\"elementor-element elementor-element-2e072a4c cms-icon-box-layout-1 elementor-widget elementor-widget-cms_icon_box\" data-id=\"2e072a4c\" data-element_type=\"widget\" data-widget_type=\"cms_icon_box.default\">\n\t\t\t\t<div class=\"elementor-widget-container\">\n\t\t\t<div class=\"row text-sm-center text-lg-start\">\r\n    <div class=\"col-12 mb-20\">        <div class=\"cms-icon-wrap\" ><i aria-hidden=\"true\" class=\"cms-icon text-64 text-white cmsi cmsi-biosphere\" style=\"\"><\/i><\/div>\r\n        <\/div>\r\n    <div class=\"col\">\r\n        <div class=\"cms-heading text-18 text-white\">Nachhaltig<\/div> \r\n            <\/div>\r\n<\/div>\r\n\r\n\r\n\t\t<\/div>\n\t\t\t\t<\/div>\n\t\t            <\/div>\n        <\/div>\n                <div class=\"elementor-column elementor-col-33 elementor-inner-column elementor-element elementor-element-5d17e0d2\" data-id=\"5d17e0d2\" data-element_type=\"column\">\n            <div class=\"elementor-widget-wrap elementor-element-populated\">\n                        \t\t<div class=\"elementor-element elementor-element-6ebb32c9 cms-icon-box-layout-1 elementor-widget elementor-widget-cms_icon_box\" data-id=\"6ebb32c9\" data-element_type=\"widget\" data-widget_type=\"cms_icon_box.default\">\n\t\t\t\t<div class=\"elementor-widget-container\">\n\t\t\t<div class=\"row text-sm-center text-lg-start\">\r\n    <div class=\"col-12 mb-20\">        <div class=\"cms-icon-wrap\" ><i aria-hidden=\"true\" class=\"cms-icon text-64 text-white cmsi cmsi-tube\" style=\"\"><\/i><\/div>\r\n        <\/div>\r\n    <div class=\"col\">\r\n        <div class=\"cms-heading text-18 text-white\">Ma\u00dfgeschneidert <\/div> \r\n            <\/div>\r\n<\/div>\r\n\r\n\r\n\t\t<\/div>\n\t\t\t\t<\/div>\n\t\t            <\/div>\n        <\/div>\n                <div class=\"elementor-column elementor-col-33 elementor-inner-column elementor-element elementor-element-463244fb\" data-id=\"463244fb\" data-element_type=\"column\">\n            <div class=\"elementor-widget-wrap elementor-element-populated\">\n                        \t\t<div class=\"elementor-element elementor-element-5299adcb cms-icon-box-layout-1 elementor-widget elementor-widget-cms_icon_box\" data-id=\"5299adcb\" data-element_type=\"widget\" data-widget_type=\"cms_icon_box.default\">\n\t\t\t\t<div class=\"elementor-widget-container\">\n\t\t\t<div class=\"row text-sm-center text-lg-start\">\r\n    <div class=\"col-12 mb-20\">        <div class=\"cms-icon-wrap\" ><i aria-hidden=\"true\" class=\"cms-icon text-64 text-white cmsi cmsi-electric-charge\" style=\"\"><\/i><\/div>\r\n        <\/div>\r\n    <div class=\"col\">\r\n        <div class=\"cms-heading text-18 text-white\">Energieeffizient<\/div> \r\n            <\/div>\r\n<\/div>\r\n\r\n\r\n\t\t<\/div>\n\t\t\t\t<\/div>\n\t\t            <\/div>\n        <\/div>\n                            <\/div>\n        <\/section>\n                    <\/div>\n        <\/div>\n                <div class=\"elementor-column elementor-col-58 elementor-top-column elementor-element elementor-element-1094b95e\" data-id=\"1094b95e\" data-element_type=\"column\">\n            <div class=\"elementor-widget-wrap elementor-element-populated\">\n                        \t\t<div class=\"elementor-element elementor-element-7700112e cms-cf7-layout-1 elementor-widget elementor-widget-cms_ctf7\" data-id=\"7700112e\" data-element_type=\"widget\" data-widget_type=\"cms_ctf7.default\">\n\t\t\t\t<div class=\"elementor-widget-container\">\n\t\t\t    <div id=\"cms_ctf7-7700112e\" class=\"cms-cf7 overflow-hidden bg-white p-20 p-lg-30 p-xl-50 cms-radius-16 cms-shadow-3\">\r\n        <div class=\"cms-cf7-inner\">                <div class=\"cms-form-heading cms-heading text-24 font-500 mt-n12\">Kontaktformulierer<\/div>\r\n                        <div class=\"pt-20\">\n<div class=\"wpcf7 no-js\" id=\"wpcf7-f13237-o1\" lang=\"de-DE\" dir=\"ltr\" data-wpcf7-id=\"13237\">\n<div class=\"screen-reader-response\"><p role=\"status\" aria-live=\"polite\" aria-atomic=\"true\"><\/p> <ul><\/ul><\/div>\n<form action=\"\/de\/wp-json\/wp\/v2\/pages\/13254#wpcf7-f13237-o1\" method=\"post\" class=\"wpcf7-form init\" aria-label=\"Kontaktformular\" novalidate=\"novalidate\" data-status=\"init\">\n<fieldset class=\"hidden-fields-container\"><input type=\"hidden\" name=\"_wpcf7\" value=\"13237\" \/><input type=\"hidden\" name=\"_wpcf7_version\" value=\"6.1.5\" \/><input type=\"hidden\" name=\"_wpcf7_locale\" value=\"de_DE\" \/><input type=\"hidden\" name=\"_wpcf7_unit_tag\" value=\"wpcf7-f13237-o1\" \/><input type=\"hidden\" name=\"_wpcf7_container_post\" value=\"0\" \/><input type=\"hidden\" name=\"_wpcf7_posted_data_hash\" value=\"\" \/><input type=\"hidden\" name=\"_wpcf7_recaptcha_response\" value=\"\" \/>\n<\/fieldset>\n<div class=\"row\">\n\t<div class=\"col-lg-6 mb-30\">\n\t\t<p><span class=\"wpcf7-form-control-wrap\" data-name=\"your-company\"><input size=\"40\" maxlength=\"400\" class=\"wpcf7-form-control wpcf7-text wpcf7-validates-as-required\" aria-required=\"true\" aria-invalid=\"false\" placeholder=\"Firmenname\" value=\"\" type=\"text\" name=\"your-company\" \/><\/span>\n\t\t<\/p>\n\t<\/div>\n\t<div class=\"col-lg-6 mb-30\">\n\t\t<p><span class=\"wpcf7-form-control-wrap\" data-name=\"your-name\"><input size=\"40\" maxlength=\"400\" class=\"wpcf7-form-control wpcf7-text wpcf7-validates-as-required\" aria-required=\"true\" aria-invalid=\"false\" placeholder=\"Name\" value=\"\" type=\"text\" name=\"your-name\" \/><\/span>\n\t\t<\/p>\n\t<\/div>\n\t<div class=\"col-lg-6 mb-30\">\n\t\t<p><span class=\"wpcf7-form-control-wrap\" data-name=\"your-name\"><input size=\"40\" maxlength=\"400\" class=\"wpcf7-form-control wpcf7-text wpcf7-validates-as-required\" aria-required=\"true\" aria-invalid=\"false\" placeholder=\"Nachname\" value=\"\" type=\"text\" name=\"your-name\" \/><\/span>\n\t\t<\/p>\n\t<\/div>\n\t<div class=\"col-lg-6 mb-30\">\n\t\t<p><span class=\"wpcf7-form-control-wrap\" data-name=\"your-email\"><input size=\"40\" maxlength=\"400\" class=\"wpcf7-form-control wpcf7-email wpcf7-validates-as-required wpcf7-text wpcf7-validates-as-email\" aria-required=\"true\" aria-invalid=\"false\" placeholder=\"Email\" value=\"\" type=\"email\" name=\"your-email\" \/><\/span>\n\t\t<\/p>\n\t<\/div>\n\t<div class=\"col-lg-6 mb-30\">\n\t\t<p><span class=\"wpcf7-form-control-wrap\" data-name=\"phone\"><input size=\"40\" maxlength=\"400\" class=\"wpcf7-form-control wpcf7-tel wpcf7-validates-as-required wpcf7-text wpcf7-validates-as-tel\" aria-required=\"true\" aria-invalid=\"false\" placeholder=\"Telefonnummer\" value=\"\" type=\"tel\" name=\"phone\" \/><\/span>\n\t\t<\/p>\n\t<\/div>\n\t<div class=\"col-12 mb-30\">\n\t\t<p><span class=\"wpcf7-form-control-wrap\" data-name=\"bericht\"><textarea cols=\"40\" rows=\"10\" maxlength=\"2000\" class=\"wpcf7-form-control wpcf7-textarea wpcf7-validates-as-required\" aria-required=\"true\" aria-invalid=\"false\" placeholder=\"Ihre Nachricht\" name=\"bericht\"><\/textarea><\/span>\n\t\t<\/p>\n\t<\/div>\n\t<div class=\"col-12\">\n\t\t<p><button class=\"wpcf7-form-control wpcf7-submit btn btn-primary btn-lg\" type=\"submit\"><span class=\"cms-btn-content\"><span class=\"wpcf7-submit-icon cms-btn-icon cmsi-arrow-circle-right rtl-flip\"><\/span><span class=\"cms-btn-text\">Anfrage senden<\/span><\/span><\/button>\n\t\t<\/p>\n\t<\/div>\n<\/div><div class=\"wpcf7-response-output\" aria-hidden=\"true\"><\/div>\n<\/form>\n<\/div>\n<\/div>\r\n        <\/div>\r\n    <\/div>\r\n\t\t<\/div>\n\t\t\t\t<\/div>\n\t\t\t\t<div class=\"elementor-element elementor-element-5ce663c elementor-widget elementor-widget-spacer\" data-id=\"5ce663c\" data-element_type=\"widget\" data-widget_type=\"spacer.default\">\n\t\t\t\t<div class=\"elementor-widget-container\">\n\t\t\t\t\t<div class=\"elementor-spacer\">\n\t\t\t<div class=\"elementor-spacer-inner\"><\/div>\n\t\t<\/div>\n\t\t\t\t<\/div>\n\t\t\t\t<\/div>\n\t\t            <\/div>\n        <\/div>\n                            <\/div>\n        <\/section>\n        \t\t\t\t\t<\/div>\n\t\t","protected":false},"excerpt":{"rendered":"<p>Die Zakkencentrale Gruppe m\u00f6chte mehr tun, als Ihnen nur Materialien zu liefern. Wir bieten auch Beratungsdienste an, um Ihnen zu helfen, die richtige L\u00f6sung f\u00fcr Ihre spezifischen Umst\u00e4nde zu finden. Unsere Dienstleistungen umfassen mehr als nur das Verpacken, Lagern oder Transportieren Ihrer Produkte. Wir k\u00f6nnen Ihnen auch bei Fragen zu Lagerhaltung und Logistik helfen. Au\u00dferdem [&hellip;]<\/p>\n","protected":false},"author":64876,"featured_media":4909,"parent":0,"menu_order":13,"comment_status":"closed","ping_status":"closed","template":"","meta":{"footnotes":""},"class_list":["post-13254","page","type-page","status-publish","has-post-thumbnail","hentry","cms-has-post-thumbnail"],"_links":{"self":[{"href":"https:\/\/zakkencentrale.nl\/de\/wp-json\/wp\/v2\/pages\/13254","targetHints":{"allow":["GET"]}}],"collection":[{"href":"https:\/\/zakkencentrale.nl\/de\/wp-json\/wp\/v2\/pages"}],"about":[{"href":"https:\/\/zakkencentrale.nl\/de\/wp-json\/wp\/v2\/types\/page"}],"author":[{"embeddable":true,"href":"https:\/\/zakkencentrale.nl\/de\/wp-json\/wp\/v2\/users\/64876"}],"replies":[{"embeddable":true,"href":"https:\/\/zakkencentrale.nl\/de\/wp-json\/wp\/v2\/comments?post=13254"}],"version-history":[{"count":10,"href":"https:\/\/zakkencentrale.nl\/de\/wp-json\/wp\/v2\/pages\/13254\/revisions"}],"predecessor-version":[{"id":13265,"href":"https:\/\/zakkencentrale.nl\/de\/wp-json\/wp\/v2\/pages\/13254\/revisions\/13265"}],"wp:featuredmedia":[{"embeddable":true,"href":"https:\/\/zakkencentrale.nl\/de\/wp-json\/wp\/v2\/media\/4909"}],"wp:attachment":[{"href":"https:\/\/zakkencentrale.nl\/de\/wp-json\/wp\/v2\/media?parent=13254"}],"curies":[{"name":"wp","href":"https:\/\/api.w.org\/{rel}","templated":true}]}}