{"id":13219,"date":"2025-03-13T11:01:49","date_gmt":"2025-03-13T11:01:49","guid":{"rendered":"https:\/\/zakkencentrale.nl\/?page_id=13219"},"modified":"2025-03-13T12:08:32","modified_gmt":"2025-03-13T12:08:32","slug":"datenschutzbestimmungen","status":"publish","type":"page","link":"https:\/\/zakkencentrale.nl\/de\/datenschutzbestimmungen\/","title":{"rendered":"Datenschutzbestimmungen"},"content":{"rendered":"<div data-elementor-type=\"wp-page\" data-elementor-id=\"13219\" class=\"elementor elementor-13219\">\n\t\t\t\t\t\t\t        <section class=\"elementor-section elementor-top-section elementor-element elementor-element-40d10155 elementor-section-boxed elementor-section-height-default elementor-section-height-default cms-full-content-with-space-none cms-boxed-bg-false\" data-id=\"40d10155\" data-element_type=\"section\">\n            \n            <div class=\"cms-section-boxed-bg\"><\/div>            <div class=\"elementor-container elementor-column-gap-default\">\n                    <div class=\"elementor-column elementor-col-100 elementor-top-column elementor-element elementor-element-56b0397c\" data-id=\"56b0397c\" data-element_type=\"column\">\n            <div class=\"elementor-widget-wrap elementor-element-populated\">\n                        \t\t<div class=\"elementor-element elementor-element-60b1ce69 elementor-widget elementor-widget-text-editor\" data-id=\"60b1ce69\" data-element_type=\"widget\" data-widget_type=\"text-editor.default\">\n\t\t\t\t<div class=\"elementor-widget-container\">\n\t\t\t<style>\/*! elementor - v3.17.0 - 08-11-2023 *\/\n.elementor-widget-text-editor.elementor-drop-cap-view-stacked .elementor-drop-cap{background-color:#69727d;color:#fff}.elementor-widget-text-editor.elementor-drop-cap-view-framed .elementor-drop-cap{color:#69727d;border:3px solid;background-color:transparent}.elementor-widget-text-editor:not(.elementor-drop-cap-view-default) .elementor-drop-cap{margin-top:8px}.elementor-widget-text-editor:not(.elementor-drop-cap-view-default) .elementor-drop-cap-letter{width:1em;height:1em}.elementor-widget-text-editor .elementor-drop-cap{float:left;text-align:center;line-height:1;font-size:50px}.elementor-widget-text-editor .elementor-drop-cap-letter{display:inline-block}<\/style>\t\t\t\t<p>Datenschutzbestimmungen von www.zakkencentrale.nl<\/p><p>Diese Website sammelt bestimmte pers\u00f6nliche Daten von ihren Nutzern.<\/p><p>F\u00fcr die Nutzer k\u00f6nnen unterschiedliche Datenschutzstandards gelten, und f\u00fcr einige k\u00f6nnen daher umfassendere Standards gelten. Die Nutzer k\u00f6nnen sich an den Eigent\u00fcmer wenden, um mehr \u00fcber solche Standards zu erfahren.<\/p><p>Dieses Dokument kann zu Referenzzwecken \u00fcber den Druckbefehl in den Einstellungen eines beliebigen Browsers ausgedruckt werden.<\/p><p><span style=\"color: #154381;\"><b>Eigent\u00fcmer und f\u00fcr die Verarbeitung Verantwortlicher<\/b><\/span><\/p><p>Zakkencentrale<br \/>Cairostraat 50<br \/>3047 BC Rotterdam<br \/>Niederlande<br \/>Kontakt-E-Mail des Eigent\u00fcmers: info@zakkencentrale.nl<\/p><p><span style=\"color: #154381;\"><b>Arten von gesammelten Daten<\/b><\/span><\/p><p>Zu den Arten von personenbezogenen Daten, die diese Website selbst oder \u00fcber Dritte sammelt, geh\u00f6ren Cookies und Nutzungsdaten.<\/p><p>Vollst\u00e4ndige Angaben zu jeder Art von gesammelten personenbezogenen Daten werden in den entsprechenden Abschnitten dieser Datenschutzrichtlinie oder durch spezifische Erl\u00e4uterungstexte, die vor der Datenerfassung angezeigt werden, bereitgestellt. Personenbezogene Daten k\u00f6nnen vom Nutzer freiwillig zur Verf\u00fcgung gestellt werden oder, im Falle von Nutzungsdaten, automatisch bei der Nutzung dieser Website erhoben werden.<\/p><p>Sofern nicht anders angegeben, sind alle von dieser Website angeforderten Daten obligatorisch, und die Nichtbereitstellung dieser Daten kann dazu f\u00fchren, dass die Website ihre Dienstleistungen nicht erbringen kann. In den F\u00e4llen, in denen diese Website ausdr\u00fccklich darauf hinweist, dass bestimmte Daten nicht obligatorisch sind, steht es den Nutzern frei, diese Daten nicht zu \u00fcbermitteln, ohne dass dies Auswirkungen auf die Verf\u00fcgbarkeit oder das Funktionieren des Dienstes hat. Benutzer, die sich nicht sicher sind, welche pers\u00f6nlichen Daten obligatorisch sind, k\u00f6nnen sich gerne an den Eigent\u00fcmer wenden.<\/p><p>Jegliche Verwendung von Cookies &#8211; oder anderer Tracking-Tools &#8211; durch diese Website oder durch die Eigent\u00fcmer der von dieser Website genutzten Dienste Dritter dient dem Zweck, den vom Nutzer gew\u00fcnschten Dienst bereitzustellen, zus\u00e4tzlich zu allen anderen in diesem Dokument beschriebenen Zwecken.<\/p><p>Der Nutzer ist f\u00fcr alle personenbezogenen Daten Dritter verantwortlich, die \u00fcber diese Website erhalten, ver\u00f6ffentlicht oder weitergegeben werden.<\/p><h2 id=\"place_of_processing\">Art und Ort der Verarbeitung der Daten<\/h2><p><span style=\"color: #154381;\"><b>Methoden der Verarbeitung<\/b><\/span><\/p><p>Der Eigent\u00fcmer ergreift geeignete Sicherheitsma\u00dfnahmen, um den unbefugten Zugriff, die Offenlegung, die \u00c4nderung oder die unbefugte Zerst\u00f6rung der Daten zu verhindern. Die Datenverarbeitung erfolgt mit Hilfe von Computern und\/oder IT-gest\u00fctzten Instrumenten, wobei die organisatorischen Verfahren und Modalit\u00e4ten streng auf die angegebenen Zwecke abgestimmt sind.<\/p><p><span style=\"color: #154381;\"><b>Ort<br \/><\/b><\/span>Die Daten werden in den Betriebsb\u00fcros des Eigent\u00fcmers und an jedem anderen Ort, an dem sich die an der Verarbeitung Beteiligten befinden, verarbeitet.<\/p><p>Je nach Standort des Nutzers k\u00f6nnen die Daten\u00fcbertragungen die \u00dcbermittlung der Daten des Nutzers in ein anderes Land als sein eigenes beinhalten. Um mehr \u00fcber den Ort der Verarbeitung solcher \u00fcbertragenen Daten zu erfahren, k\u00f6nnen die Nutzer den Abschnitt mit den Einzelheiten zur Verarbeitung personenbezogener Daten einsehen.<\/p><p><span style=\"color: #154381;\"><strong>Verweildauer<\/strong><\/span><\/p><p>Sofern in diesem Dokument nicht anders angegeben, werden personenbezogene Daten so lange verarbeitet und gespeichert, wie es der Zweck, f\u00fcr den sie erhoben wurden, erfordert, und k\u00f6nnen aufgrund geltender gesetzlicher Verpflichtungen oder aufgrund der Zustimmung der Nutzer l\u00e4nger aufbewahrt werden.<\/p><p><span style=\"color: #154381;\"><strong>Die Zwecke der Verarbeitung<\/strong><\/span><\/p><p>Die den Nutzer betreffenden Daten werden gesammelt, um dem Eigent\u00fcmer zu erm\u00f6glichen, seinen Service zu erbringen, seinen gesetzlichen Verpflichtungen nachzukommen, auf Anfragen zur Durchsetzung zu reagieren, seine Rechte und Interessen (oder die seiner Nutzer oder Dritter) zu sch\u00fctzen, b\u00f6swillige oder betr\u00fcgerische Aktivit\u00e4ten aufzudecken, sowie Folgendes: Analytik.<\/p><p>F\u00fcr spezifische Informationen \u00fcber die f\u00fcr die einzelnen Zwecke verwendeten personenbezogenen Daten kann der Nutzer den Abschnitt \u201eDetaillierte Informationen \u00fcber die Verarbeitung personenbezogener Daten\u201c in diesem Dokument einsehen.<\/p><p><span style=\"color: #154381;\"><b>Detaillierte Informationen \u00fcber die Verarbeitung personenbezogener Daten<\/b><\/span><\/p><p>Personenbezogene Daten werden f\u00fcr die folgenden Zwecke und unter Nutzung der folgenden Dienste erhoben:<\/p><p><span style=\"color: #154381;\"><strong>Analytik<\/strong><\/span><\/p><p>Die in diesem Abschnitt enthaltenen Dienste erm\u00f6glichen es dem Eigent\u00fcmer, den Webverkehr zu \u00fcberwachen und zu analysieren und k\u00f6nnen verwendet werden, um das Verhalten der Nutzer zu verfolgen.<\/p><p><span style=\"color: #154381;\"><strong>Google Analytics (Google Ireland Limited)<\/strong><\/span><\/p><p>Google Analytics ist ein Webanalysedienst, der von Google Ireland Limited (\u201eGoogle\u201c) bereitgestellt wird. Google nutzt die gesammelten Daten, um die Nutzung dieser Anwendung zu verfolgen und zu untersuchen, Berichte \u00fcber ihre Aktivit\u00e4ten zu erstellen und sie mit anderen Google-Diensten zu teilen. Google kann die erfassten Daten verwenden, um die Anzeigen seines eigenen Werbenetzwerks zu kontextualisieren und zu personalisieren.<\/p><p><span style=\"color: #154381;\"><b>Verarbeitete personenbezogene Daten: Cookies; Nutzungsdaten.<\/b><\/span><\/p><p>Ort der Verarbeitung: Irland &#8211; Datenschutzerkl\u00e4rung &#8211; Opt-out.<\/p><p><span style=\"color: #154381;\"><strong>WordPress-Statistiken (Automattic Inc.)<br \/><\/strong><\/span><br \/>WordPress Stats ist ein Analysedienst, der von Automattic Inc. bereitgestellt wird.<\/p><p><span style=\"color: #154381;\"><b>Verarbeitete personenbezogene Daten: Cookies; Nutzungsdaten.<\/b><\/span><\/p><p>Ort der Verarbeitung: Vereinigte Staaten &#8211; Datenschutzrichtlinie.<\/p><p><span style=\"color: #154381;\"><b>Direkt erfasste Analysen (diese Anwendung)<\/b><\/span><\/p><p>Diese Anwendung verwendet ein internes Analysesystem, an dem keine Dritten beteiligt sind.<\/p><p>Verarbeitete personenbezogene Daten: Tracker; Nutzungsdaten.<\/p><h2 id=\"cookie_policy_further_information\">Weitere Informationen f\u00fcr Nutzer in der Europ\u00e4ischen Union<\/h2><p>Dieser Abschnitt gilt f\u00fcr alle Nutzer in der Europ\u00e4ischen Union gem\u00e4\u00df der Allgemeinen Datenschutzverordnung (GDPR&#8221;) und ersetzt f\u00fcr diese Nutzer alle anderen m\u00f6glicherweise abweichenden oder widerspr\u00fcchlichen Informationen in der Datenschutzrichtlinie. Weitere Einzelheiten zu den verarbeiteten Datenkategorien, den Zwecken der Verarbeitung, den Kategorien von Empf\u00e4ngern der personenbezogenen Daten, falls vorhanden, und weitere Informationen zu personenbezogenen Daten finden Sie im Abschnitt \u201eDetaillierte Informationen zur Verarbeitung personenbezogener Daten\u201c in diesem Dokument.<\/p><p><span style=\"color: #154381;\"><b>Rechtsgrundlage der Verarbeitung<\/b><\/span><\/p><p>Der Eigent\u00fcmer kann personenbezogene Daten von Nutzern verarbeiten, wenn einer der folgenden Punkte zutrifft:<\/p><p>Die Nutzer haben ihre Zustimmung f\u00fcr einen oder mehrere bestimmte Zwecke gegeben.<br \/>Die Bereitstellung der Daten ist f\u00fcr die Erf\u00fcllung eines Vertrags mit dem Nutzer und\/oder f\u00fcr vorvertragliche Verpflichtungen erforderlich.<br \/>Die Verarbeitung ist zur Erf\u00fcllung einer rechtlichen Verpflichtung erforderlich, der der Eigent\u00fcmer unterliegt.<br \/>Die Verarbeitung steht im Zusammenhang mit einer Aufgabe, die im \u00f6ffentlichen Interesse oder in Aus\u00fcbung \u00f6ffentlicher Gewalt erfolgt, die dem Eigent\u00fcmer \u00fcbertragen wurde.<br \/>Die Verarbeitung ist zur Wahrung der berechtigten Interessen des Eigent\u00fcmers oder eines Dritten erforderlich.<br \/>In jedem Fall ist der Eigent\u00fcmer gerne bereit, bei der Kl\u00e4rung der konkreten Rechtsgrundlage f\u00fcr die Verarbeitung behilflich zu sein, insbesondere bei der Kl\u00e4rung der Frage, ob die Bereitstellung der personenbezogenen Daten gesetzlich oder vertraglich vorgeschrieben oder f\u00fcr den Abschluss eines Vertrags erforderlich ist.<\/p><p><span style=\"color: #154381;\"><b>Weitere Informationen zur Verweildauer<\/b><\/span><\/p><p>Sofern in diesem Dokument nicht anders angegeben, werden personenbezogene Daten so lange verarbeitet und gespeichert, wie es der Zweck, f\u00fcr den sie erhoben wurden, erfordert, und k\u00f6nnen aufgrund geltender gesetzlicher Verpflichtungen oder aufgrund der Zustimmung der Nutzer l\u00e4nger aufbewahrt werden.<\/p><p>Deshalb:<\/p><p>Personenbezogene Daten, die im Zusammenhang mit der Erf\u00fcllung eines Vertrags zwischen dem Eigent\u00fcmer und dem Nutzer erhoben werden, werden bis zur vollst\u00e4ndigen Erf\u00fcllung dieses Vertrags aufbewahrt.<br \/>Personenbezogene Daten, die f\u00fcr die Zwecke der berechtigten Interessen des Eigent\u00fcmers erhoben werden, werden so lange aufbewahrt, wie es f\u00fcr die Erf\u00fcllung dieser Zwecke erforderlich ist.<br \/>Der Eigent\u00fcmer kann berechtigt sein, personenbezogene Daten l\u00e4nger aufzubewahren, wenn der Nutzer seine Zustimmung zu einer solchen Verarbeitung gegeben hat, solange diese Zustimmung nicht widerrufen wird.<br \/>Nach Ablauf der Aufbewahrungsfrist werden die personenbezogenen Daten gel\u00f6scht. Daher k\u00f6nnen das Recht auf Auskunft, das Recht auf L\u00f6schung, das Recht auf Berichtigung und das Recht auf Daten\u00fcbertragbarkeit nach Ablauf der Aufbewahrungsfrist nicht mehr durchgesetzt werden.<\/p><p><span style=\"color: #154381;\"><b>Die Rechte der Nutzer auf der Grundlage der Allgemeinen Datenschutzverordnung (GDPR)<\/b><\/span><\/p><p>Die Nutzer k\u00f6nnen bestimmte Rechte in Bezug auf ihre vom Eigent\u00fcmer verarbeiteten Daten aus\u00fcben.<\/p><p>Die Nutzer haben insbesondere das Recht auf:<\/p><p><span style=\"color: #154381;\"><b>Ihre Einwilligung jederzeit zu widerrufen.<br \/>Widerspruch gegen die Verarbeitung ihrer Daten einlegen.<br \/>Zugang zu ihren Daten.<br \/>\u00dcberpr\u00fcfen und berichtigen lassen.<br \/>die Verarbeitung ihrer Daten einzuschr\u00e4nken.<br \/>Ihre pers\u00f6nlichen Daten l\u00f6schen oder anderweitig entfernen zu lassen.<br \/>Ihre Daten zu erhalten und sie an einen anderen f\u00fcr die Verarbeitung Verantwortlichen zu \u00fcbermitteln.<br \/>eine Beschwerde einreichen.<br \/><\/b><\/span><\/p><p>Die Nutzer haben au\u00dferdem das Recht, sich \u00fcber die Rechtsgrundlage f\u00fcr Daten\u00fcbermittlungen ins Ausland zu informieren, einschlie\u00dflich an internationale Organisationen, die dem V\u00f6lkerrecht unterliegen oder von zwei oder mehreren L\u00e4ndern gegr\u00fcndet wurden, wie z. B. die UNO, sowie \u00fcber die Sicherheitsma\u00dfnahmen, die der Eigent\u00fcmer zum Schutz ihrer Daten ergreift.<\/p><p><span style=\"color: #154381;\"><b>Einzelheiten\u00a0\u00fcber das Recht auf Widerspruch gegen die Verarbeitung<\/b><\/span><\/p><p>Werden personenbezogene Daten im \u00f6ffentlichen Interesse, in Aus\u00fcbung \u00f6ffentlicher Gewalt, die dem Eigent\u00fcmer \u00fcbertragen wurde, oder zur Wahrung der berechtigten Interessen des Eigent\u00fcmers verarbeitet, k\u00f6nnen die Nutzer dieser Verarbeitung widersprechen, indem sie einen auf ihre besondere Situation bezogenen Grund zur Rechtfertigung des Widerspruchs angeben.<\/p><p><span style=\"color: #154381;\"><b>Wie man diese Rechte aus\u00fcbt<\/b><\/span><\/p><p>Alle Anfragen zur Aus\u00fcbung der Nutzerrechte k\u00f6nnen \u00fcber die in diesem Dokument angegebenen Kontaktdaten an den Eigent\u00fcmer gerichtet werden. Derartige Anfragen sind kostenlos und werden vom Eigent\u00fcmer so schnell wie m\u00f6glich, in jedem Fall aber innerhalb eines Monats, beantwortet, wobei die Nutzer die gesetzlich vorgeschriebenen Informationen erhalten.<\/p><h2 id=\"further_data_processing_info\">Zus\u00e4tzliche Informationen zur Datenerhebung und -verarbeitung<\/h2><p><span style=\"color: #154381;\"><b>Rechtliche Schritte<\/b><\/span><\/p><p>Die pers\u00f6nlichen Daten des Nutzers k\u00f6nnen vom Eigent\u00fcmer f\u00fcr rechtliche Zwecke vor Gericht oder in den Phasen verwendet werden, die zu m\u00f6glichen rechtlichen Schritten f\u00fchren, die sich aus der missbr\u00e4uchlichen Nutzung dieser Anwendung oder der damit verbundenen Dienste ergeben. Der Nutzer erkl\u00e4rt, dass er sich bewusst ist, dass der Betreiber verpflichtet sein kann, personenbezogene Daten auf Anfrage von Beh\u00f6rden offenzulegen.<\/p><p><span style=\"color: #154381;\"><b>Zus\u00e4tzliche Informationen \u00fcber die pers\u00f6nlichen Daten des Nutzers<\/b><\/span><\/p><p>Zus\u00e4tzlich zu den in dieser Datenschutzrichtlinie enthaltenen Informationen kann diese Anwendung dem Nutzer auf Anfrage zus\u00e4tzliche und kontextbezogene Informationen zu bestimmten Diensten oder zur Erhebung und Verarbeitung personenbezogener Daten zur Verf\u00fcgung stellen.<\/p><p><span style=\"color: #154381;\"><b>Systemprotokolle und Wartung<\/b><\/span><\/p><p>Zu Betriebs- und Wartungszwecken k\u00f6nnen diese Anwendung und alle Dienste von Drittanbietern Dateien sammeln, die die Interaktion mit dieser Anwendung aufzeichnen (Systemprotokolle) oder andere personenbezogene Daten (wie die IP-Adresse) zu diesem Zweck verwenden.<\/p><p><span style=\"color: #154381;\"><b>Informationen, die nicht in dieser Politik enthalten sind<\/b><\/span><\/p><p>Weitere Einzelheiten \u00fcber die Erhebung oder Verarbeitung personenbezogener Daten k\u00f6nnen jederzeit beim Eigent\u00fcmer erfragt werden. Bitte beachten Sie die Kontaktinformationen am Anfang dieses Dokuments.<\/p><p><span style=\"color: #154381;\"><b>\u00c4nderungen an dieser Datenschutzrichtlinie<\/b><\/span><\/p><p>Der Eigent\u00fcmer beh\u00e4lt sich das Recht vor, diese Datenschutzrichtlinie jederzeit zu \u00e4ndern, indem er seine Nutzer auf dieser Seite und m\u00f6glicherweise innerhalb dieser Anwendung benachrichtigt und\/oder &#8211; soweit technisch und rechtlich m\u00f6glich &#8211; eine Mitteilung an die Nutzer \u00fcber alle dem Eigent\u00fcmer zur Verf\u00fcgung stehenden Kontaktinformationen sendet. Es wird dringend empfohlen, diese Seite h\u00e4ufig zu \u00fcberpr\u00fcfen und dabei das Datum der letzten \u00c4nderung zu beachten, das am Ende der Seite angegeben ist.<\/p><p><span style=\"color: #154381;\"><b>Definitionen und rechtliche Hinweise<\/b><\/span><\/p><p>Jede Information, die direkt, indirekt oder in Verbindung mit anderen Informationen &#8211; einschlie\u00dflich einer pers\u00f6nlichen Identifikationsnummer &#8211; die Identifizierung oder Identifizierbarkeit einer nat\u00fcrlichen Person erm\u00f6glicht.<\/p><p><span style=\"color: #154381;\"><b>Verwendungsdaten<\/b><\/span><\/p><p>Informationen, die automatisch durch diese Anwendung (oder durch Dienste Dritter, die in dieser Anwendung genutzt werden) gesammelt werden, wie z.B.: die IP-Adressen oder Domain-Namen der Computer, die von den Nutzern verwendet werden, die diese Anwendung nutzen, die URI-Adressen (Uniform Resource Identifier), die Zeit der Anfrage, die Methode, die verwendet wird, um die Anfrage an den Server zu \u00fcbermitteln, die Gr\u00f6\u00dfe der als Antwort erhaltenen Datei, der numerische Code, der den Status der Antwort des Servers angibt (erfolgreiches Ergebnis, Fehler usw.), das Herkunftsland, die Eigenschaften des Browsers und des Betriebssystems, das vom Nutzer verwendet wird, die verschiedenen Zeitangaben pro Besuch (z.B. ), das Herkunftsland, die Merkmale des vom Nutzer verwendeten Browsers und des Betriebssystems, die verschiedenen Zeitangaben pro Besuch (z.B., die Zeit, die auf jeder Seite innerhalb der Anwendung verbracht wurde) und die Einzelheiten \u00fcber den Pfad, dem innerhalb der Anwendung gefolgt wurde, mit besonderem Bezug auf die Reihenfolge der besuchten Seiten, sowie andere Parameter \u00fcber das Betriebssystem des Ger\u00e4ts und\/oder die IT-Umgebung des Nutzers.<\/p><p><span style=\"color: #154381;\"><strong>Benutzer<\/strong><\/span><\/p><p>Die Person, die diese Anwendung nutzt und die, sofern nicht anders angegeben, mit der betroffenen Person identisch ist.<\/p><p><span style=\"color: #154381;\"><b>Gegenstand der Daten<\/b><\/span><\/p><p>Die nat\u00fcrliche Person, auf die sich die personenbezogenen Daten beziehen.<\/p><p><span style=\"color: #154381;\"><b>Datenverarbeiter (oder Verarbeiter)<\/b><\/span><\/p><p>Die nat\u00fcrliche oder juristische Person, Beh\u00f6rde, Einrichtung oder sonstige Stelle, die personenbezogene Daten im Auftrag des f\u00fcr die Verarbeitung Verantwortlichen verarbeitet, wie in dieser Datenschutzrichtlinie beschrieben.<\/p><p><span style=\"color: #154381;\"><b>Datenverantwortlicher (oder Eigent\u00fcmer)<\/b><\/span><\/p><p>Die nat\u00fcrliche oder juristische Person, Beh\u00f6rde, Einrichtung oder sonstige Stelle, die allein oder gemeinsam mit anderen \u00fcber die Zwecke und Mittel der Verarbeitung personenbezogener Daten, einschlie\u00dflich der Sicherheitsma\u00dfnahmen f\u00fcr den Betrieb und die Nutzung dieser Anwendung, entscheidet. Der f\u00fcr die Datenverarbeitung Verantwortliche ist, sofern nicht anders angegeben, der Eigent\u00fcmer dieser Anwendung.<\/p><p><span style=\"color: #154381;\"><b>Diese Anwendung<\/b><\/span><\/p><p>Die Art und Weise, in der die personenbezogenen Daten des Nutzers erhoben und verarbeitet werden.<\/p><p><span style=\"color: #154381;\"><strong>Service<\/strong><\/span><\/p><p>Der von dieser Anwendung angebotene Dienst, wie er in den entsprechenden Bedingungen (falls verf\u00fcgbar) und auf dieser Website\/Anwendung beschrieben ist.<\/p><p><span style=\"color: #154381;\"><b>iEurop\u00e4ische Union (oder EU)<\/b><\/span><\/p><p>Sofern nicht anders angegeben, umfassen alle Verweise in diesem Dokument auf die Europ\u00e4ische Union alle derzeitigen Mitgliedstaaten der Europ\u00e4ischen Union und des Europ\u00e4ischen Wirtschaftsraums.<\/p><p><span style=\"color: #154381;\"><strong>Cookie<\/strong><\/span><\/p><p>Cookies sind Tracker, die aus kleinen Datens\u00e4tzen bestehen, die im Browser des Nutzers gespeichert werden.<\/p><p><span style=\"color: #154381;\"><strong>Tracker<\/strong><\/span><\/p><p>Tracker bezeichnet jede Technologie &#8211; z. B. Cookies, eindeutige Kennungen, Web-Beacons, eingebettete Skripte, E-Tags und Fingerabdr\u00fccke -, die die Verfolgung von Nutzern erm\u00f6glicht, z. B. durch Zugriff auf oder Speicherung von Informationen auf dem Ger\u00e4t des Nutzers.<\/p><p><span style=\"color: #154381;\"><b>Rechtliche Informationen<\/b><\/span><\/p><p>Diese Datenschutzrichtlinie bezieht sich ausschlie\u00dflich auf diese Anwendung, sofern in diesem Dokument nicht anders angegeben.<\/p>\t\t\t\t\t\t<\/div>\n\t\t\t\t<\/div>\n\t\t            <\/div>\n        <\/div>\n                            <\/div>\n        <\/section>\n        \t\t\t\t\t<\/div>","protected":false},"excerpt":{"rendered":"<p>Datenschutzbestimmungen von www.zakkencentrale.nl Diese Website sammelt bestimmte pers\u00f6nliche Daten von ihren Nutzern. F\u00fcr die Nutzer k\u00f6nnen unterschiedliche Datenschutzstandards gelten, und f\u00fcr einige k\u00f6nnen daher umfassendere Standards gelten. Die Nutzer k\u00f6nnen sich an den Eigent\u00fcmer wenden, um mehr \u00fcber solche Standards zu erfahren. Dieses Dokument kann zu Referenzzwecken \u00fcber den Druckbefehl in den Einstellungen eines beliebigen [&hellip;]<\/p>\n","protected":false},"author":64876,"featured_media":5975,"parent":0,"menu_order":3,"comment_status":"closed","ping_status":"closed","template":"","meta":{"footnotes":""},"class_list":["post-13219","page","type-page","status-publish","has-post-thumbnail","hentry","cms-has-post-thumbnail"],"_links":{"self":[{"href":"https:\/\/zakkencentrale.nl\/de\/wp-json\/wp\/v2\/pages\/13219","targetHints":{"allow":["GET"]}}],"collection":[{"href":"https:\/\/zakkencentrale.nl\/de\/wp-json\/wp\/v2\/pages"}],"about":[{"href":"https:\/\/zakkencentrale.nl\/de\/wp-json\/wp\/v2\/types\/page"}],"author":[{"embeddable":true,"href":"https:\/\/zakkencentrale.nl\/de\/wp-json\/wp\/v2\/users\/64876"}],"replies":[{"embeddable":true,"href":"https:\/\/zakkencentrale.nl\/de\/wp-json\/wp\/v2\/comments?post=13219"}],"version-history":[{"count":10,"href":"https:\/\/zakkencentrale.nl\/de\/wp-json\/wp\/v2\/pages\/13219\/revisions"}],"predecessor-version":[{"id":13230,"href":"https:\/\/zakkencentrale.nl\/de\/wp-json\/wp\/v2\/pages\/13219\/revisions\/13230"}],"wp:featuredmedia":[{"embeddable":true,"href":"https:\/\/zakkencentrale.nl\/de\/wp-json\/wp\/v2\/media\/5975"}],"wp:attachment":[{"href":"https:\/\/zakkencentrale.nl\/de\/wp-json\/wp\/v2\/media?parent=13219"}],"curies":[{"name":"wp","href":"https:\/\/api.w.org\/{rel}","templated":true}]}}