{"id":13212,"date":"2025-03-13T10:56:20","date_gmt":"2025-03-13T10:56:20","guid":{"rendered":"https:\/\/zakkencentrale.nl\/?page_id=13212"},"modified":"2025-03-18T14:10:08","modified_gmt":"2025-03-18T14:10:08","slug":"qualitat","status":"publish","type":"page","link":"https:\/\/zakkencentrale.nl\/de\/qualitat\/","title":{"rendered":"Qualit\u00e4t"},"content":{"rendered":"<div data-elementor-type=\"wp-page\" data-elementor-id=\"13212\" class=\"elementor elementor-13212\">\n\t\t\t\t\t\t\t        <section class=\"elementor-section elementor-top-section elementor-element elementor-element-3083c77 elementor-section-boxed elementor-section-height-default elementor-section-height-default cms-full-content-with-space-none cms-boxed-bg-false\" data-id=\"3083c77\" data-element_type=\"section\">\n            \n            <div class=\"cms-section-boxed-bg\"><\/div>            <div class=\"elementor-container elementor-column-gap-default\">\n                    <div class=\"elementor-column elementor-col-100 elementor-top-column elementor-element elementor-element-46b346a\" data-id=\"46b346a\" data-element_type=\"column\">\n            <div class=\"elementor-widget-wrap elementor-element-populated\">\n                        \t\t<div class=\"elementor-element elementor-element-6a1b683 elementor-widget elementor-widget-text-editor\" data-id=\"6a1b683\" data-element_type=\"widget\" data-widget_type=\"text-editor.default\">\n\t\t\t\t<div class=\"elementor-widget-container\">\n\t\t\t<style>\/*! elementor - v3.17.0 - 08-11-2023 *\/\n.elementor-widget-text-editor.elementor-drop-cap-view-stacked .elementor-drop-cap{background-color:#69727d;color:#fff}.elementor-widget-text-editor.elementor-drop-cap-view-framed .elementor-drop-cap{color:#69727d;border:3px solid;background-color:transparent}.elementor-widget-text-editor:not(.elementor-drop-cap-view-default) .elementor-drop-cap{margin-top:8px}.elementor-widget-text-editor:not(.elementor-drop-cap-view-default) .elementor-drop-cap-letter{width:1em;height:1em}.elementor-widget-text-editor .elementor-drop-cap{float:left;text-align:center;line-height:1;font-size:50px}.elementor-widget-text-editor .elementor-drop-cap-letter{display:inline-block}<\/style>\t\t\t\t<h1>Qualit\u00e4t<\/h1><p>Seit mehr als einem Jahrhundert ist die Zakkencentrale Group ein Synonym f\u00fcr Spitzenqualit\u00e4t bei Verpackungen und Maschinen. Aber unser Engagement f\u00fcr Qualit\u00e4t geht \u00fcber die Produkte hinaus; es erstreckt sich auch auf die Sicherheit unserer Mitarbeiter, die Arbeitsumgebung und das allgemeine Arbeitsklima.<\/p><p>Das Streben nach bester Qualit\u00e4t ist f\u00fcr uns eine Selbstverst\u00e4ndlichkeit. Das beweist unter anderem unser <strong>ISO-9001:2015<\/strong>-Zertifikat, das unser Engagement f\u00fcr das Qualit\u00e4tsmanagement best\u00e4tigt. Dar\u00fcber hinaus werden alle unsere Produkte nach strengen Qualit\u00e4tsanforderungen hergestellt, unter Einhaltung der Normen <strong>ISO 9001, 22000, 14001, Pharma, BRC, AIB, HACCP, Kosher, Halal<\/strong> und <strong>UN<\/strong>. Damit erf\u00fcllen wir <span data-teams=\"true\">die aktuellen<\/span> gesetzlichen Anforderungen und Richtlinien der EFIBCA und der UN.<\/p><p>\u00a0Unser Engagement f\u00fcr Qualit\u00e4t geht \u00fcber die blo\u00dfen Zertifizierungen hinaus. Wir sind stolz auf unser <strong>Zertifikat als zugelassener Wirtschaftsbeteiligter (AEO)<\/strong>, das belegt, dass wir alle Sicherheitskriterien erf\u00fcllen. Dies erm\u00f6glicht es uns, unsere internationalen Gesch\u00e4fte im Rahmen des Zollkodex der Gemeinschaft schnell und effizient abzuwickeln, ohne dass es zu Verz\u00f6gerungen kommt.<\/p><p>Wir bei der Zakkencentrale Group glauben, dass Qualit\u00e4t nicht nur in unseren Produkten steckt, sondern auch in der Sicherheit und Zufriedenheit unserer Mitarbeiter. Wir investieren in Sicherheitsschulungen, ergonomische Arbeitspl\u00e4tze und eine positive Arbeitskultur, damit sich unsere Mitarbeiter wertgesch\u00e4tzt und sicher f\u00fchlen. Denn nur wenn wir in allen Bereichen unseres Unternehmens nach Spitzenleistungen streben, k\u00f6nnen wir unseren Kunden die h\u00f6chste Qualit\u00e4t bieten, die sie verdienen.<\/p>\t\t\t\t\t\t<\/div>\n\t\t\t\t<\/div>\n\t\t\t\t<div class=\"elementor-element elementor-element-b0cfe20 elementor-widget elementor-widget-cms_button\" data-id=\"b0cfe20\" data-element_type=\"widget\" data-widget_type=\"cms_button.default\">\n\t\t\t\t<div class=\"elementor-widget-container\">\n\t\t\t        <div class=\"cms-btn-wraps  text-start\">\r\n                <a href=\"https:\/\/zakkencentrale.nl\/de\/downloads-de\/\" class=\"btn btn-fill btn-accent btn-hover-primary\">\r\n                <span class=\"cms-btn-content cms-btn-content-\">\r\n                                            <span class=\"cms-btn-icon cms-align-icon-left rtl-flip\">\r\n                            <i aria-hidden=\"true\" class=\"cmsi-arrow-circle-right\"><\/i>                        <\/span>\r\n                                        <span class=\"cms-btn-text\">Unsere Downloads ansehen<\/span>\r\n                                    <\/span>\r\n            <\/a>\r\n                <\/div>\r\n    \t\t<\/div>\n\t\t\t\t<\/div>\n\t\t            <\/div>\n        <\/div>\n                            <\/div>\n        <\/section>\n                <section class=\"elementor-section elementor-top-section elementor-element elementor-element-0e5b7b5 elementor-section-stretched pb-0 elementor-section-boxed elementor-section-height-default elementor-section-height-default cms-full-content-with-space-none cms-boxed-bg-false\" data-id=\"0e5b7b5\" data-element_type=\"section\" data-settings=\"{&quot;stretch_section&quot;:&quot;section-stretched&quot;,&quot;background_background&quot;:&quot;classic&quot;}\">\n                            <div class=\"elementor-background-overlay\"><\/div>\n                \n            <div class=\"cms-section-boxed-bg\"><\/div>            <div class=\"elementor-container elementor-column-gap-default\">\n                    <div class=\"elementor-column elementor-col-41 elementor-top-column elementor-element elementor-element-5ec2d70\" data-id=\"5ec2d70\" data-element_type=\"column\">\n            <div class=\"elementor-widget-wrap elementor-element-populated\">\n                        \t\t<div class=\"elementor-element elementor-element-842479a cms-heading-layout-5 elementor-widget elementor-widget-cms_heading\" data-id=\"842479a\" data-element_type=\"widget\" data-widget_type=\"cms_heading.default\">\n\t\t\t\t<div class=\"elementor-widget-container\">\n\t\t\t\r\n<div class=\"cms-heading-wrapper\">\r\n            <div class=\"cms-mainheading text-16 lh-24 font-700 text-white\">Verpackungen f\u00fcr Ihre nachhaltige Welt?<\/div>\r\n                <div class=\"cms-heading cms-subheading text-34 lh-48 pt-10 text-white\">Wir beraten Sie gerne und helfen Ihnen auf Ihrem Weg.<\/div>\r\n            <div class=\"cms-heading-desc text-16 lh-27 pt-20 text-white\"><p>Um Ihnen bei der L\u00f6sung Ihrer Probleme im Zusammenhang mit dem Verpacken, Umpacken, Lagern und Transportieren Ihrer Produkte zu helfen, w\u00fcrden wir uns gerne mit Ihnen in Verbindung setzen<\/p>\n<p>Hinterlassen Sie Ihre Daten und wir werden uns so schnell wie m\u00f6glich mit einem Angebot bei Ihnen melden.<\/p>\n<\/div>\r\n        <div class=\"cms-heading-btns row gutters-30 gutters-grid empty-none pt-40 align-items-center justify-content-\">    <\/div>\r\n<\/div>\t\t<\/div>\n\t\t\t\t<\/div>\n\t\t        <section class=\"elementor-section elementor-inner-section elementor-element elementor-element-fe21fa4 elementor-section-boxed elementor-section-height-default elementor-section-height-default cms-full-content-with-space-none cms-boxed-bg-false\" data-id=\"fe21fa4\" data-element_type=\"section\">\n            \n            <div class=\"cms-section-boxed-bg\"><\/div>            <div class=\"elementor-container elementor-column-gap-default\">\n                    <div class=\"elementor-column elementor-col-33 elementor-inner-column elementor-element elementor-element-0a01f2e\" data-id=\"0a01f2e\" data-element_type=\"column\">\n            <div class=\"elementor-widget-wrap elementor-element-populated\">\n                        \t\t<div class=\"elementor-element elementor-element-26d997a cms-icon-box-layout-1 elementor-widget elementor-widget-cms_icon_box\" data-id=\"26d997a\" data-element_type=\"widget\" data-widget_type=\"cms_icon_box.default\">\n\t\t\t\t<div class=\"elementor-widget-container\">\n\t\t\t<div class=\"row text-sm-center text-lg-start\">\r\n    <div class=\"col-12 mb-20\">        <div class=\"cms-icon-wrap\" ><i aria-hidden=\"true\" class=\"cms-icon text-64 text-white cmsi cmsi-biosphere\" style=\"\"><\/i><\/div>\r\n        <\/div>\r\n    <div class=\"col\">\r\n        <div class=\"cms-heading text-18 text-white\">Nachhaltig\n<\/div> \r\n            <\/div>\r\n<\/div>\r\n\r\n\r\n\t\t<\/div>\n\t\t\t\t<\/div>\n\t\t            <\/div>\n        <\/div>\n                <div class=\"elementor-column elementor-col-33 elementor-inner-column elementor-element elementor-element-599ae0e\" data-id=\"599ae0e\" data-element_type=\"column\">\n            <div class=\"elementor-widget-wrap elementor-element-populated\">\n                        \t\t<div class=\"elementor-element elementor-element-712adc1 cms-icon-box-layout-1 elementor-widget elementor-widget-cms_icon_box\" data-id=\"712adc1\" data-element_type=\"widget\" data-widget_type=\"cms_icon_box.default\">\n\t\t\t\t<div class=\"elementor-widget-container\">\n\t\t\t<div class=\"row text-sm-center text-lg-start\">\r\n    <div class=\"col-12 mb-20\">        <div class=\"cms-icon-wrap\" ><i aria-hidden=\"true\" class=\"cms-icon text-64 text-white cmsi cmsi-tube\" style=\"\"><\/i><\/div>\r\n        <\/div>\r\n    <div class=\"col\">\r\n        <div class=\"cms-heading text-18 text-white\">Ma\u00dfgeschneidert \n<\/div> \r\n            <\/div>\r\n<\/div>\r\n\r\n\r\n\t\t<\/div>\n\t\t\t\t<\/div>\n\t\t            <\/div>\n        <\/div>\n                <div class=\"elementor-column elementor-col-33 elementor-inner-column elementor-element elementor-element-662e189\" data-id=\"662e189\" data-element_type=\"column\">\n            <div class=\"elementor-widget-wrap elementor-element-populated\">\n                        \t\t<div class=\"elementor-element elementor-element-36172e4 cms-icon-box-layout-1 elementor-widget elementor-widget-cms_icon_box\" data-id=\"36172e4\" data-element_type=\"widget\" data-widget_type=\"cms_icon_box.default\">\n\t\t\t\t<div class=\"elementor-widget-container\">\n\t\t\t<div class=\"row text-sm-center text-lg-start\">\r\n    <div class=\"col-12 mb-20\">        <div class=\"cms-icon-wrap\" ><i aria-hidden=\"true\" class=\"cms-icon text-64 text-white cmsi cmsi-electric-charge\" style=\"\"><\/i><\/div>\r\n        <\/div>\r\n    <div class=\"col\">\r\n        <div class=\"cms-heading text-18 text-white\">Energieeffizient<\/div> \r\n            <\/div>\r\n<\/div>\r\n\r\n\r\n\t\t<\/div>\n\t\t\t\t<\/div>\n\t\t            <\/div>\n        <\/div>\n                            <\/div>\n        <\/section>\n                    <\/div>\n        <\/div>\n                <div class=\"elementor-column elementor-col-58 elementor-top-column elementor-element elementor-element-aaba19f\" data-id=\"aaba19f\" data-element_type=\"column\">\n            <div class=\"elementor-widget-wrap elementor-element-populated\">\n                        \t\t<div class=\"elementor-element elementor-element-b188ee5 cms-cf7-layout-1 elementor-widget elementor-widget-cms_ctf7\" data-id=\"b188ee5\" data-element_type=\"widget\" data-widget_type=\"cms_ctf7.default\">\n\t\t\t\t<div class=\"elementor-widget-container\">\n\t\t\t    <div id=\"cms_ctf7-b188ee5\" class=\"cms-cf7 overflow-hidden bg-white p-20 p-lg-30 p-xl-50 cms-radius-16 cms-shadow-3\">\r\n        <div class=\"cms-cf7-inner\">                <div class=\"cms-form-heading cms-heading text-24 font-500 mt-n12\">Kontaktanfrage<\/div>\r\n                        <div class=\"pt-20\">\n<div class=\"wpcf7 no-js\" id=\"wpcf7-f13237-o1\" lang=\"de-DE\" dir=\"ltr\" data-wpcf7-id=\"13237\">\n<div class=\"screen-reader-response\"><p role=\"status\" aria-live=\"polite\" aria-atomic=\"true\"><\/p> <ul><\/ul><\/div>\n<form action=\"\/de\/wp-json\/wp\/v2\/pages\/13212#wpcf7-f13237-o1\" method=\"post\" class=\"wpcf7-form init\" aria-label=\"Kontaktformular\" novalidate=\"novalidate\" data-status=\"init\" data-trp-original-action=\"\/de\/wp-json\/wp\/v2\/pages\/13212#wpcf7-f13237-o1\">\n<fieldset class=\"hidden-fields-container\"><input type=\"hidden\" name=\"_wpcf7\" value=\"13237\" \/><input type=\"hidden\" name=\"_wpcf7_version\" value=\"6.1.5\" \/><input type=\"hidden\" name=\"_wpcf7_locale\" value=\"de_DE\" \/><input type=\"hidden\" name=\"_wpcf7_unit_tag\" value=\"wpcf7-f13237-o1\" \/><input type=\"hidden\" name=\"_wpcf7_container_post\" value=\"0\" \/><input type=\"hidden\" name=\"_wpcf7_posted_data_hash\" value=\"\" \/><input type=\"hidden\" name=\"_wpcf7_recaptcha_response\" value=\"\" \/>\n<\/fieldset>\n<div class=\"row\">\n\t<div class=\"col-lg-6 mb-30\">\n\t\t<p><span class=\"wpcf7-form-control-wrap\" data-name=\"your-company\"><input size=\"40\" maxlength=\"400\" class=\"wpcf7-form-control wpcf7-text wpcf7-validates-as-required\" aria-required=\"true\" aria-invalid=\"false\" placeholder=\"Firmenname\" value=\"\" type=\"text\" name=\"your-company\" \/><\/span>\n\t\t<\/p>\n\t<\/div>\n\t<div class=\"col-lg-6 mb-30\">\n\t\t<p><span class=\"wpcf7-form-control-wrap\" data-name=\"your-name\"><input size=\"40\" maxlength=\"400\" class=\"wpcf7-form-control wpcf7-text wpcf7-validates-as-required\" aria-required=\"true\" aria-invalid=\"false\" placeholder=\"Name\" value=\"\" type=\"text\" name=\"your-name\" \/><\/span>\n\t\t<\/p>\n\t<\/div>\n\t<div class=\"col-lg-6 mb-30\">\n\t\t<p><span class=\"wpcf7-form-control-wrap\" data-name=\"your-name\"><input size=\"40\" maxlength=\"400\" class=\"wpcf7-form-control wpcf7-text wpcf7-validates-as-required\" aria-required=\"true\" aria-invalid=\"false\" placeholder=\"Nachname\" value=\"\" type=\"text\" name=\"your-name\" \/><\/span>\n\t\t<\/p>\n\t<\/div>\n\t<div class=\"col-lg-6 mb-30\">\n\t\t<p><span class=\"wpcf7-form-control-wrap\" data-name=\"your-email\"><input size=\"40\" maxlength=\"400\" class=\"wpcf7-form-control wpcf7-email wpcf7-validates-as-required wpcf7-text wpcf7-validates-as-email\" aria-required=\"true\" aria-invalid=\"false\" placeholder=\"Email\" value=\"\" type=\"email\" name=\"your-email\" \/><\/span>\n\t\t<\/p>\n\t<\/div>\n\t<div class=\"col-lg-6 mb-30\">\n\t\t<p><span class=\"wpcf7-form-control-wrap\" data-name=\"phone\"><input size=\"40\" maxlength=\"400\" class=\"wpcf7-form-control wpcf7-tel wpcf7-validates-as-required wpcf7-text wpcf7-validates-as-tel\" aria-required=\"true\" aria-invalid=\"false\" placeholder=\"Telefonnummer\" value=\"\" type=\"tel\" name=\"phone\" \/><\/span>\n\t\t<\/p>\n\t<\/div>\n\t<div class=\"col-12 mb-30\">\n\t\t<p><span class=\"wpcf7-form-control-wrap\" data-name=\"bericht\"><textarea cols=\"40\" rows=\"10\" maxlength=\"2000\" class=\"wpcf7-form-control wpcf7-textarea wpcf7-validates-as-required\" aria-required=\"true\" aria-invalid=\"false\" placeholder=\"Ihre Nachricht\" name=\"bericht\"><\/textarea><\/span>\n\t\t<\/p>\n\t<\/div>\n\t<div class=\"col-12\">\n\t\t<p><button class=\"wpcf7-form-control wpcf7-submit btn btn-primary btn-lg\" type=\"submit\"><span class=\"cms-btn-content\"><span class=\"wpcf7-submit-icon cms-btn-icon cmsi-arrow-circle-right rtl-flip\"><\/span><span class=\"cms-btn-text\">Anfrage senden<\/span><\/span><\/button>\n\t\t<\/p>\n\t<\/div>\n<\/div><div class=\"wpcf7-response-output\" aria-hidden=\"true\"><\/div>\n<input type=\"hidden\" name=\"trp-form-language\" value=\"de\"\/><\/form>\n<\/div>\n<\/div>\r\n        <\/div>\r\n    <\/div>\r\n\t\t<\/div>\n\t\t\t\t<\/div>\n\t\t\t\t<div class=\"elementor-element elementor-element-ecca71e elementor-widget elementor-widget-spacer\" data-id=\"ecca71e\" data-element_type=\"widget\" data-widget_type=\"spacer.default\">\n\t\t\t\t<div class=\"elementor-widget-container\">\n\t\t\t<style>\/*! elementor - v3.17.0 - 08-11-2023 *\/\n.elementor-column .elementor-spacer-inner{height:var(--spacer-size)}.e-con{--container-widget-width:100%}.e-con-inner>.elementor-widget-spacer,.e-con>.elementor-widget-spacer{width:var(--container-widget-width,var(--spacer-size));--align-self:var(--container-widget-align-self,initial);--flex-shrink:0}.e-con-inner>.elementor-widget-spacer>.elementor-widget-container,.e-con>.elementor-widget-spacer>.elementor-widget-container{height:100%;width:100%}.e-con-inner>.elementor-widget-spacer>.elementor-widget-container>.elementor-spacer,.e-con>.elementor-widget-spacer>.elementor-widget-container>.elementor-spacer{height:100%}.e-con-inner>.elementor-widget-spacer>.elementor-widget-container>.elementor-spacer>.elementor-spacer-inner,.e-con>.elementor-widget-spacer>.elementor-widget-container>.elementor-spacer>.elementor-spacer-inner{height:var(--container-widget-height,var(--spacer-size))}.e-con-inner>.elementor-widget-spacer.elementor-widget-empty,.e-con>.elementor-widget-spacer.elementor-widget-empty{position:relative;min-height:22px;min-width:22px}.e-con-inner>.elementor-widget-spacer.elementor-widget-empty .elementor-widget-empty-icon,.e-con>.elementor-widget-spacer.elementor-widget-empty .elementor-widget-empty-icon{position:absolute;top:0;bottom:0;left:0;right:0;margin:auto;padding:0;width:22px;height:22px}<\/style>\t\t<div class=\"elementor-spacer\">\n\t\t\t<div class=\"elementor-spacer-inner\"><\/div>\n\t\t<\/div>\n\t\t\t\t<\/div>\n\t\t\t\t<\/div>\n\t\t            <\/div>\n        <\/div>\n                            <\/div>\n        <\/section>\n        \t\t\t\t\t<\/div>","protected":false},"excerpt":{"rendered":"<p>Qualit\u00e4t Seit mehr als einem Jahrhundert ist die Zakkencentrale Group ein Synonym f\u00fcr Spitzenqualit\u00e4t bei Verpackungen und Maschinen. Aber unser Engagement f\u00fcr Qualit\u00e4t geht \u00fcber die Produkte hinaus; es erstreckt sich auch auf die Sicherheit unserer Mitarbeiter, die Arbeitsumgebung und das allgemeine Arbeitsklima. Das Streben nach bester Qualit\u00e4t ist f\u00fcr uns eine Selbstverst\u00e4ndlichkeit. Das beweist [&hellip;]<\/p>\n","protected":false},"author":64876,"featured_media":0,"parent":0,"menu_order":0,"comment_status":"closed","ping_status":"closed","template":"","meta":{"footnotes":""},"class_list":["post-13212","page","type-page","status-publish","hentry","cms-has-post-thumbnail"],"_links":{"self":[{"href":"https:\/\/zakkencentrale.nl\/de\/wp-json\/wp\/v2\/pages\/13212","targetHints":{"allow":["GET"]}}],"collection":[{"href":"https:\/\/zakkencentrale.nl\/de\/wp-json\/wp\/v2\/pages"}],"about":[{"href":"https:\/\/zakkencentrale.nl\/de\/wp-json\/wp\/v2\/types\/page"}],"author":[{"embeddable":true,"href":"https:\/\/zakkencentrale.nl\/de\/wp-json\/wp\/v2\/users\/64876"}],"replies":[{"embeddable":true,"href":"https:\/\/zakkencentrale.nl\/de\/wp-json\/wp\/v2\/comments?post=13212"}],"version-history":[{"count":16,"href":"https:\/\/zakkencentrale.nl\/de\/wp-json\/wp\/v2\/pages\/13212\/revisions"}],"predecessor-version":[{"id":13777,"href":"https:\/\/zakkencentrale.nl\/de\/wp-json\/wp\/v2\/pages\/13212\/revisions\/13777"}],"wp:attachment":[{"href":"https:\/\/zakkencentrale.nl\/de\/wp-json\/wp\/v2\/media?parent=13212"}],"curies":[{"name":"wp","href":"https:\/\/api.w.org\/{rel}","templated":true}]}}